{"id":930,"date":"2020-02-11T17:01:29","date_gmt":"2020-02-11T19:01:29","guid":{"rendered":"http:\/\/geografia.sites.uff.br\/?page_id=930"},"modified":"2025-06-26T12:03:10","modified_gmt":"2025-06-26T15:03:10","slug":"exame-de-proficiencia","status":"publish","type":"page","link":"https:\/\/geografia.sites.uff.br\/index.php\/discentes\/exame-de-proficiencia\/","title":{"rendered":"Exame de Profici\u00eancia"},"content":{"rendered":"\n<p>O Exame de\nProfici\u00eancia corresponde \u00e0 comprova\u00e7\u00e3o do conhecimento do conte\u00fado de uma\ndisciplina, efetuada por meio de avalia\u00e7\u00e3o espec\u00edfica aplicada ao discente\nsolicitante, segundo o artigo 88 do Regulamento dos Cursos de Gradua\u00e7\u00e3o (Resolu\u00e7\u00e3o CEP\/UFF n\u00ba 001\/2015).<\/p>\n\n\n\n<p>O discente poder\u00e1 solicitar a\naplica\u00e7\u00e3o de Exame de Profici\u00eancia desde que:<\/p>\n\n\n\n<p>a) N\u00e3o tenha cursado a disciplina\nanteriormente; <\/p>\n\n\n\n<p>b) N\u00e3o tenha sido reprovado previamente\nem Exame prestado para a mesma disciplina; <\/p>\n\n\n\n<p>c) N\u00e3o tenha sido reprovado em pelo\nmenos 2 (dois) exames realizados para disciplinas distintas; <\/p>\n\n\n\n<p>d) Tenha\ncumprido 70% ou mais da carga hor\u00e1ria do curso;<\/p>\n\n\n\n<p>e) N\u00e3o\nesteja com matr\u00edcula trancada.<\/p>\n\n\n\n<p>A solicita\u00e7\u00e3o de aplica\u00e7\u00e3o de Exame de Profici\u00eancia dever\u00e1 ser efetuada em per\u00edodo previsto no Calend\u00e1rio Escolar e por meio de <a href=\"\/wp-content\/uploads\/sites\/320\/2020\/02\/Formulario_Exa_Proficiencia.doc\">formul\u00e1rio pr\u00f3prio<\/a> \u00e0 Coordena\u00e7\u00e3o do Curso de Geografia.<\/p>\n\n\n\n<p>O Exame de\nProfici\u00eancia poder\u00e1 ser por meio de prova escrita e\/ou trabalho escrito, a\ncrit\u00e9rio da banca examinadora, composta por 3 docentes do departamento de\norigem da disciplina.<\/p>\n\n\n\n<p>Verifique as disciplinas que N\u00c3O podem ser solicitadas para o Exame de Profici\u00eancia nas Resolu\u00e7\u00f5es de <a href=\"\/wp-content\/uploads\/sites\/320\/2020\/02\/Exame_Proficiencia_Geogr_Licenciatura.pdf\">Geografia-Licenciatura<\/a> e <a href=\"\/wp-content\/uploads\/sites\/320\/2020\/02\/Exame_Proficiencia_Geog_Bacharelado.pdf\">Geografia-Bacharelado<\/a>.<\/p>\n\n\n\n<p><a href=\"\/wp-content\/uploads\/sites\/320\/2020\/02\/Formulario_Exa_Proficiencia.doc\">Formul\u00e1rio para solicitar Exame de Profici\u00eancia<\/a><\/p>\n\n\n\n<p><a href=\"\/wp-content\/uploads\/sites\/320\/2020\/02\/Exame_Proficiencia_Geogr_Licenciatura.pdf\">Resolu\u00e7\u00e3o &#8211; Geografia &#8211; Licenciatura<\/a><\/p>\n\n\n\n<p><a href=\"\/wp-content\/uploads\/sites\/320\/2020\/02\/Exame_Proficiencia_Geog_Bacharelado.pdf\">Resolu\u00e7\u00e3o  &#8211; Geografia &#8211; Bacharelado<\/a><\/p>\n","protected":false},"excerpt":{"rendered":"<p>O Exame de Profici\u00eancia corresponde \u00e0 comprova\u00e7\u00e3o do conhecimento do conte\u00fado de uma disciplina, efetuada por meio de avalia\u00e7\u00e3o espec\u00edfica aplicada ao discente solicitante, segundo o artigo 88 do Regulamento dos Cursos de Gradua\u00e7\u00e3o (Resolu\u00e7\u00e3o CEP\/UFF n\u00ba 001\/2015). O discente poder\u00e1 solicitar a aplica\u00e7\u00e3o de Exame de Profici\u00eancia desde que: a) N\u00e3o tenha cursado a [&hellip;]<\/p>\n","protected":false},"author":1209,"featured_media":0,"parent":135,"menu_order":2,"comment_status":"closed","ping_status":"closed","template":"","meta":{"_exactmetrics_skip_tracking":false,"_exactmetrics_sitenote_active":false,"_exactmetrics_sitenote_note":"","_exactmetrics_sitenote_category":0,"footnotes":""},"categories":[14],"tags":[],"class_list":["post-930","page","type-page","status-publish","hentry","category-discentes"],"_links":{"self":[{"href":"https:\/\/geografia.sites.uff.br\/index.php\/wp-json\/wp\/v2\/pages\/930","targetHints":{"allow":["GET"]}}],"collection":[{"href":"https:\/\/geografia.sites.uff.br\/index.php\/wp-json\/wp\/v2\/pages"}],"about":[{"href":"https:\/\/geografia.sites.uff.br\/index.php\/wp-json\/wp\/v2\/types\/page"}],"author":[{"embeddable":true,"href":"https:\/\/geografia.sites.uff.br\/index.php\/wp-json\/wp\/v2\/users\/1209"}],"replies":[{"embeddable":true,"href":"https:\/\/geografia.sites.uff.br\/index.php\/wp-json\/wp\/v2\/comments?post=930"}],"version-history":[{"count":7,"href":"https:\/\/geografia.sites.uff.br\/index.php\/wp-json\/wp\/v2\/pages\/930\/revisions"}],"predecessor-version":[{"id":1450,"href":"https:\/\/geografia.sites.uff.br\/index.php\/wp-json\/wp\/v2\/pages\/930\/revisions\/1450"}],"up":[{"embeddable":true,"href":"https:\/\/geografia.sites.uff.br\/index.php\/wp-json\/wp\/v2\/pages\/135"}],"wp:attachment":[{"href":"https:\/\/geografia.sites.uff.br\/index.php\/wp-json\/wp\/v2\/media?parent=930"}],"wp:term":[{"taxonomy":"category","embeddable":true,"href":"https:\/\/geografia.sites.uff.br\/index.php\/wp-json\/wp\/v2\/categories?post=930"},{"taxonomy":"post_tag","embeddable":true,"href":"https:\/\/geografia.sites.uff.br\/index.php\/wp-json\/wp\/v2\/tags?post=930"}],"curies":[{"name":"wp","href":"https:\/\/api.w.org\/{rel}","templated":true}]}}