{"id":673,"date":"2018-08-07T16:09:21","date_gmt":"2018-08-07T19:09:21","guid":{"rendered":"http:\/\/geografia.sites.uff.br\/?page_id=673"},"modified":"2025-06-26T12:06:04","modified_gmt":"2025-06-26T15:06:04","slug":"estagio-docentes","status":"publish","type":"page","link":"https:\/\/geografia.sites.uff.br\/index.php\/docentes\/estagio-docentes\/","title":{"rendered":"Est\u00e1gio (Docente)"},"content":{"rendered":"<h5><span style=\"color: #000080\"><strong>Est\u00e1gio Supervisionado do Bacharelado<\/strong><\/span><\/h5>\n<h5>O Curso de Bacharelado em Geografia exige a realiza\u00e7\u00e3o de 360 horas de est\u00e1gio supervisionado. Este poder\u00e1 ser desenvolvido em <a href=\"http:\/\/www.estagio.uff.br\/\">empresas conveniadas com a UFF<\/a>, em Campos Internos de Est\u00e1gio (associados a projetos de pesquisa e de extens\u00e3o da UFF, com ou sem bolsa), no Programa de Educa\u00e7\u00e3o Tutorial (PET) e em projetos de inicia\u00e7\u00e3o cient\u00edfica (PIBIC).<\/h5>\n<h5>No caso de <strong>Campos Internos de Est\u00e1gio<\/strong>, o aluno e o orientador de est\u00e1gio dever\u00e3o preencher um <a href=\"\/wp-content\/uploads\/sites\/320\/2018\/08\/termo_compr_est_interno_obrigatorio.docx\">Termo de Compromisso de Est\u00e1gio<\/a>, acompanhado de plano de trabalho. Ap\u00f3s a conclus\u00e3o do est\u00e1gio deve ser preenchido o&nbsp;<a href=\"\/wp-content\/uploads\/sites\/320\/2018\/08\/Termo_realizacao_de_estagio_interno.doc\">Termo de Realiza\u00e7\u00e3o de Est\u00e1gio<\/a>. Este termo \u00e9 um comprovante institucional importante para documentar o curr\u00edculo do aluno. Outras informa\u00e7\u00f5es visite o <a href=\"http:\/\/www.uff.br\/?q=grupo\/estagios\">site da Divis\u00e3o de Est\u00e1gio da UFF<\/a>.<\/h5>\n","protected":false},"excerpt":{"rendered":"<p>Est\u00e1gio Supervisionado do Bacharelado O Curso de Bacharelado em Geografia exige a realiza\u00e7\u00e3o de 360 horas de est\u00e1gio supervisionado. Este poder\u00e1 ser desenvolvido em empresas conveniadas com a UFF, em Campos Internos de Est\u00e1gio (associados a projetos de pesquisa e de extens\u00e3o da UFF, com ou sem bolsa), no Programa de Educa\u00e7\u00e3o Tutorial (PET) e [&hellip;]<\/p>\n","protected":false},"author":1209,"featured_media":0,"parent":432,"menu_order":0,"comment_status":"closed","ping_status":"closed","template":"","meta":{"_exactmetrics_skip_tracking":false,"_exactmetrics_sitenote_active":false,"_exactmetrics_sitenote_note":"","_exactmetrics_sitenote_category":0,"footnotes":""},"categories":[],"tags":[],"class_list":["post-673","page","type-page","status-publish","hentry"],"_links":{"self":[{"href":"https:\/\/geografia.sites.uff.br\/index.php\/wp-json\/wp\/v2\/pages\/673","targetHints":{"allow":["GET"]}}],"collection":[{"href":"https:\/\/geografia.sites.uff.br\/index.php\/wp-json\/wp\/v2\/pages"}],"about":[{"href":"https:\/\/geografia.sites.uff.br\/index.php\/wp-json\/wp\/v2\/types\/page"}],"author":[{"embeddable":true,"href":"https:\/\/geografia.sites.uff.br\/index.php\/wp-json\/wp\/v2\/users\/1209"}],"replies":[{"embeddable":true,"href":"https:\/\/geografia.sites.uff.br\/index.php\/wp-json\/wp\/v2\/comments?post=673"}],"version-history":[{"count":5,"href":"https:\/\/geografia.sites.uff.br\/index.php\/wp-json\/wp\/v2\/pages\/673\/revisions"}],"predecessor-version":[{"id":1453,"href":"https:\/\/geografia.sites.uff.br\/index.php\/wp-json\/wp\/v2\/pages\/673\/revisions\/1453"}],"up":[{"embeddable":true,"href":"https:\/\/geografia.sites.uff.br\/index.php\/wp-json\/wp\/v2\/pages\/432"}],"wp:attachment":[{"href":"https:\/\/geografia.sites.uff.br\/index.php\/wp-json\/wp\/v2\/media?parent=673"}],"wp:term":[{"taxonomy":"category","embeddable":true,"href":"https:\/\/geografia.sites.uff.br\/index.php\/wp-json\/wp\/v2\/categories?post=673"},{"taxonomy":"post_tag","embeddable":true,"href":"https:\/\/geografia.sites.uff.br\/index.php\/wp-json\/wp\/v2\/tags?post=673"}],"curies":[{"name":"wp","href":"https:\/\/api.w.org\/{rel}","templated":true}]}}