{"id":668,"date":"2018-08-07T16:05:57","date_gmt":"2018-08-07T19:05:57","guid":{"rendered":"http:\/\/geografia.sites.uff.br\/?page_id=668"},"modified":"2025-06-26T12:07:03","modified_gmt":"2025-06-26T15:07:03","slug":"trabalho-de-campo-docente","status":"publish","type":"page","link":"https:\/\/geografia.sites.uff.br\/index.php\/docentes\/trabalho-de-campo-docente\/","title":{"rendered":"Trabalho de Campo (Docente)"},"content":{"rendered":"<h4>Procedimentos <span style=\"color: #000080\">para Professores<\/span>:<\/h4>\n<h5 style=\"text-align: left\">a) Os trabalhos de campo devem ser agendados ANUALMENTE pelos professores do Curso de Geografia nos seus respectivos departamentos, para evitar sobreposi\u00e7\u00f5es de viagens para as turmas. Este agendamento ANUAL permite o c\u00e1lculo das di\u00e1rias dos alunos e outros custos para garantir o provimento destes ao longo do ano.<\/h5>\n<h5 style=\"text-align: left\">b) Ap\u00f3s a defini\u00e7\u00e3o da data, o professor tem que preencher o <a href=\"\/wp-content\/uploads\/sites\/320\/2018\/08\/Solicitacao_transporte.doc\">FORMUL\u00c1RIO de solicita\u00e7\u00e3o de transporte coletivo<\/a> com anteced\u00eancia de 45 dias.<\/h5>\n<h5 style=\"text-align: left\">c) Este formul\u00e1rio devidamente preenchido e assinado pelo professor deve ser encaminhado pelo DEPARTAMENTO onde o professor est\u00e1 alocado para o INSTITUTO DE GEOCI\u00caNCIAS, que o encaminhar\u00e1 \u00e0 Reitoria.<\/h5>\n<h5 style=\"text-align: left\">d) O professor tamb\u00e9m deve preencher a <a href=\"\/wp-content\/uploads\/sites\/320\/2018\/08\/Planilha_seguro_e_conta_alunos.xlsx\"><strong><u>planilha de seguro e de dados banc\u00e1rios<\/u><\/strong><\/a> com os seguintes dados dos alunos: nome, matr\u00edcula, RG, CPF, data de nascimento, sexo, al\u00e9m dos dados banc\u00e1rios. Estes dados s\u00e3o importantes para garantir o Seguro Contra Acidentes dos alunos. Sugerimos que o professor baixe o &#8220;Relat\u00f3rio de Alunos Inscritos&#8221; no modo EXCEL a partir do seu IDUFF, onde h\u00e1 o nome, matr\u00edcula e CPF dos alunos para iniciar o preenchimento da planilha de alunos. Os demais dados devem ser preenchidos pelos alunos e depois digitados.<\/h5>\n<h5 style=\"text-align: left\">e) Para solicitar as di\u00e1rias dos alunos e seguro contra acidentes, a planilha deve ser enviada por email (no modo Excel) para a COORDENA\u00c7\u00c3O DE GEOGRAFIA (ggg.egg@id.uff.br), com anteced\u00eancia de 45 dias, para viabilizar o pagamento da ajuda de custo dos alunos.<\/h5>\n<h5>f) Solicitamos que os professores levem para a sala de aula c\u00f3pias da &#8220;<a href=\"\/wp-content\/uploads\/sites\/320\/2018\/08\/Ficha_cadastro_credores.doc\">ficha de cadastro de credor<\/a>&#8221; para os alunos preencherem e assinarem. Posteriormente, o professor deve entregar todas as fichas na Coordena\u00e7\u00e3o. A Coordena\u00e7\u00e3o N\u00c3O vai aceitar a entrega individual da ficha por alunos. Estas fichas devem ser entregues junto com o envio do arquivo Excel da planilha.<\/h5>\n<p><a href=\"\/wp-content\/uploads\/sites\/320\/2018\/08\/Regulamento_trabalho-de-campo.pdf\">Regulamento de trabalho de campo do EGG<\/a><\/p>\n<p style=\"text-align: left\"><a href=\"\/wp-content\/uploads\/sites\/320\/2018\/08\/Ficha_cadastro_credores.doc\">Ficha de cadastro de credores (ajuda de custo para aluno)<\/a><\/p>\n<p><a href=\"\/wp-content\/uploads\/sites\/320\/2018\/08\/Solicitacao_transporte.doc\">Formul\u00e1rio de solicita\u00e7\u00e3o de transporte coletivo <\/a><\/p>\n<p><a href=\"\/wp-content\/uploads\/sites\/320\/2018\/08\/Planilha_seguro_e_conta_alunos.xlsx\">Planilha de dados para Seguro Contra Acidentes e de dados banc\u00e1rios <\/a><\/p>\n<table class=\"node\" style=\"height: 28px\" width=\"338\">\n<tbody>\n<tr>\n<td class=\"node-mc\"><\/td>\n<\/tr>\n<\/tbody>\n<\/table>\n","protected":false},"excerpt":{"rendered":"<p>Procedimentos para Professores: a) Os trabalhos de campo devem ser agendados ANUALMENTE pelos professores do Curso de Geografia nos seus respectivos departamentos, para evitar sobreposi\u00e7\u00f5es de viagens para as turmas. Este agendamento ANUAL permite o c\u00e1lculo das di\u00e1rias dos alunos e outros custos para garantir o provimento destes ao longo do ano. b) Ap\u00f3s a [&hellip;]<\/p>\n","protected":false},"author":1209,"featured_media":0,"parent":432,"menu_order":0,"comment_status":"closed","ping_status":"closed","template":"","meta":{"_exactmetrics_skip_tracking":false,"_exactmetrics_sitenote_active":false,"_exactmetrics_sitenote_note":"","_exactmetrics_sitenote_category":0,"footnotes":""},"categories":[],"tags":[],"class_list":["post-668","page","type-page","status-publish","hentry"],"_links":{"self":[{"href":"https:\/\/geografia.sites.uff.br\/index.php\/wp-json\/wp\/v2\/pages\/668","targetHints":{"allow":["GET"]}}],"collection":[{"href":"https:\/\/geografia.sites.uff.br\/index.php\/wp-json\/wp\/v2\/pages"}],"about":[{"href":"https:\/\/geografia.sites.uff.br\/index.php\/wp-json\/wp\/v2\/types\/page"}],"author":[{"embeddable":true,"href":"https:\/\/geografia.sites.uff.br\/index.php\/wp-json\/wp\/v2\/users\/1209"}],"replies":[{"embeddable":true,"href":"https:\/\/geografia.sites.uff.br\/index.php\/wp-json\/wp\/v2\/comments?post=668"}],"version-history":[{"count":7,"href":"https:\/\/geografia.sites.uff.br\/index.php\/wp-json\/wp\/v2\/pages\/668\/revisions"}],"predecessor-version":[{"id":1455,"href":"https:\/\/geografia.sites.uff.br\/index.php\/wp-json\/wp\/v2\/pages\/668\/revisions\/1455"}],"up":[{"embeddable":true,"href":"https:\/\/geografia.sites.uff.br\/index.php\/wp-json\/wp\/v2\/pages\/432"}],"wp:attachment":[{"href":"https:\/\/geografia.sites.uff.br\/index.php\/wp-json\/wp\/v2\/media?parent=668"}],"wp:term":[{"taxonomy":"category","embeddable":true,"href":"https:\/\/geografia.sites.uff.br\/index.php\/wp-json\/wp\/v2\/categories?post=668"},{"taxonomy":"post_tag","embeddable":true,"href":"https:\/\/geografia.sites.uff.br\/index.php\/wp-json\/wp\/v2\/tags?post=668"}],"curies":[{"name":"wp","href":"https:\/\/api.w.org\/{rel}","templated":true}]}}