{"id":663,"date":"2018-08-07T16:02:07","date_gmt":"2018-08-07T19:02:07","guid":{"rendered":"http:\/\/geografia.sites.uff.br\/?page_id=663"},"modified":"2025-01-14T13:52:52","modified_gmt":"2025-01-14T16:52:52","slug":"professores","status":"publish","type":"page","link":"https:\/\/geografia.sites.uff.br\/index.php\/docentes\/professores\/","title":{"rendered":"Professores"},"content":{"rendered":"<h3><span style=\"color: #0000ff\"><strong><em><u>Departamento de Geografia<\/u><\/em><\/strong><\/span><\/h3>\n<ul>\n<li><strong>Ana Cl\u00e1udia Carvalho Giordani<\/strong><br \/>\nGe\u00f3grafa e Dra em Ensino de Geografia (UFRGS)<\/li>\n<li><strong>Carla Maciel Salgado<\/strong><br \/>\nGe\u00f3grafa e Dra em Geog. F\u00edsica (UFRJ)<\/li>\n<li><strong>Cl\u00e1udio Belmonte de Athayde Bohrer<br \/>\n<\/strong>Eng. Florestal e Dr. em Geografia (Un. Edimburgo \u2013 Reino Unido)<\/li>\n<li><strong>Cristina Pessanha Mary<br \/>\n<\/strong>Ge\u00f3grafa e Dra. em Hist\u00f3ria Social (UFRJ)<\/li>\n<li><strong>Daniel de Mello Sanfelici<br \/>\n<\/strong>Ge\u00f3grafo e Dr. em Geografia (USP)<\/li>\n<li><strong>Daniel Pereira Rosa<br \/>\n<\/strong>Ge\u00f3grafo e Dr. em Geografia (USP)<\/li>\n<li><strong>Fl\u00e1via Elaine da Silva Martin<br \/>\n<\/strong>Ge\u00f3grafa e Dra. em Geografia Humana (USP)<\/li>\n<li><strong>Guilherme Borges Fernandez<br \/>\n<\/strong>Ge\u00f3grafo e Dr. em Geog. F\u00edsica (UFRJ)<\/li>\n<li><strong>Humberto Marotta Ribeiro<br \/>\n<\/strong>Bi\u00f3logo e Ge\u00f3grafo, Dr. em Ecologia (UFRJ)<\/li>\n<li><strong>Ivaldo Gon\u00e7alves Lima<br \/>\n<\/strong>Ge\u00f3grafo e Dr. em Geog. Humana (UFF)<\/li>\n<li><strong>Itaynara Batista<br \/>\n<\/strong>Agr\u00f4noma e Dra. em Agronomia (UNESP)<\/li>\n<li><strong>Jorge Luiz Fernandes de Oliveira<br \/>\n<\/strong>Meteorologista e Dr. em Engenharia Civil (COPPE-UFRJ)<\/li>\n<li><strong>Juliana Nunes Rodrigues<br \/>\n<\/strong>Ge\u00f3grafa e Dra. em Geografia (Universit\u00e9 Jean Moulin Lyon 3, Fran\u00e7a)<\/li>\n<li><strong><strong>Laura dos Santos Rougemont<\/strong><\/strong><strong><br \/>\n<\/strong>Ge\u00f3grafa e Dra. em Geografia (UFF)<\/li>\n<li><strong><strong>Leda Velloso Buonfiglio<\/strong><\/strong><strong><br \/>\n<\/strong>Ge\u00f3grafa e Dra. em Geografia (UNICAMP)<\/li>\n<li><strong><strong>Leonardo Amora Nogueira<\/strong><\/strong><strong><br \/>\n<\/strong>Ge\u00f3grafo e Dr. em Geografia (UFF)<\/li>\n<li><strong>Luis Paulo Batista da Silva<br \/>\n<\/strong>Ge\u00f3grafo e Dr. em Geografia (UFRJ)<\/li>\n<li><strong>Luiz Jardim de Moraes Wanderley<br \/>\n<\/strong>Ge\u00f3grafo e Dr. em Geog. Humana (UFRJ)<\/li>\n<li><strong>M\u00e1rcio Pi\u00f1on de Oliveira<br \/>\n<\/strong>Ge\u00f3grafo e Dr. em Geog. Humana (USP)<\/li>\n<li><strong>Maria Elaine Ara\u00fajo de Oliveira<br \/>\n<\/strong>Bi\u00f3loga e Dra. em Biogeografia. (Un. Saarland-Alemanha)<\/li>\n<li><strong>Paula Maria Moura de Almeida<br \/>\n<\/strong>Ocean\u00f3grafa e Dra. em Meio Ambiente (UERJ)<\/li>\n<li><strong>Ra\u00fal S\u00e1nchez Vicens<br \/>\n<\/strong>Ge\u00f3grafo e Dr. em Geog. F\u00edsica (UFRJ)<\/li>\n<li><strong>Reiner Ol\u00edbano Rosas<br \/>\n<\/strong>Ge\u00f3grafo e Dr. em Geog. F\u00edsica (UFRJ)<\/li>\n<li><strong>Rita de C\u00e1ssia Martins Montezuma<br \/>\n<\/strong>Bi\u00f3loga e Dra. em Geografia (UFRJ)<\/li>\n<li><strong>R\u00f4mulo Weckm\u00fcller Vieira<br \/>\n<\/strong>Ge\u00f3grafo e Dr. em Geografia (UFF)<\/li>\n<li><strong>Rosemary Vieira<br \/>\n<\/strong>Ge\u00f3grafa e Dra. em Geoci\u00eancias (UFRGS)<\/li>\n<li><strong>S\u00e9rgio Luiz Nunes Pereira<br \/>\n<\/strong>Ge\u00f3grafo e Dr. em Geog. Humana (USP)<\/li>\n<li><strong>Thais Baptista da Rocha<br \/>\n<\/strong>Ge\u00f3grafa e Dra. Em Geografia F\u00edsica (UFRJ)<\/li>\n<li><strong>Timo Bartholl<br \/>\n<\/strong>Ge\u00f3grafo e Dr. em Geografia (UFF)<\/li>\n<li><strong>Valter do Carmo Cruz<br \/>\n<\/strong>Ge\u00f3grafo e Dr. em Geog. Humana (UFF)<\/li>\n<\/ul>\n<h3><strong><em>\u00a0<\/em><\/strong><span style=\"color: #0000ff\"><strong><em><u>Departamento de An\u00e1lise Geoambiental<\/u><\/em><\/strong><\/span><\/h3>\n<ul>\n<li><strong>Angelica Carvalho Di Maio<\/strong><br \/>\nEngenheira Cart\u00f3grafa e Dra. em Geografia (UNESP)<\/li>\n<li><strong>Cristiane Nunes Francisco<br \/>\n<\/strong>Ge\u00f3grafa e Dra. em Geoci\u00eancias (UFF)<\/li>\n<li><strong>Elias Ribeiro de Arruda Junior<br \/>\n<\/strong>Engenheiro Cart\u00f3grafo e Dr. em Geologia (UFRJ)<\/li>\n<li><strong>F\u00e1bio Ferreira Dias<br \/>\n<\/strong>Ge\u00f3grafo e Dr. em Geologia (UFRJ)<\/li>\n<li><strong>F\u00e9lix Carriello<br \/>\n<\/strong>Arquiteto Urbanista e Dr. em Geografia (UFF)<\/li>\n<li><strong>Julia Celia Mercedes Strauch<br \/>\n<\/strong>Engenheira Cart\u00f3grafa e Dra. Engenharia de Sistemas e Computa\u00e7\u00e3o (UFRJ)<\/li>\n<li><strong>Juliana Magalh\u00e3es Menezes<br \/>\n<\/strong>Ge\u00f3grafa e Dra. em Geologia (UFRJ)<\/li>\n<li><strong>Marcus Vinicius Alves de Carvalho<br \/>\n<\/strong>Ge\u00f3grafo e Dr. em Geografia (UFF)<\/li>\n<\/ul>\n<p><span style=\"color: #0000ff\"><strong><em><u>Departamento de Geologia e Geof\u00edsica<\/u><\/em><\/strong><\/span><\/p>\n<ul>\n<li><strong>Isa Brehme<br \/>\n<\/strong>Ge\u00f3loga e Dra. em Geoci\u00eancias \u2013 Universitat Bremen<\/li>\n<li><strong>Estefan Monteiro da Fonseca<br \/>\n<\/strong>Ocean\u00f3grafo e Dr. em Geologia e Geof\u00edsica Marinha (UFF)<\/li>\n<\/ul>\n<h3><span style=\"color: #0000ff\"><strong><em><u>Departamento Sociedade,<br \/>\nEduca\u00e7\u00e3o e Conhecimento (F. Educa\u00e7\u00e3o)<\/u><\/em><\/strong><\/span><\/h3>\n<ul>\n<li><strong>Amelia Cristina Alves Bezerra<br \/>\n<\/strong>Ge\u00f3grafa e Dra. em Geografia Humana (UFF)<\/li>\n<li><strong>Denizart da Silva Fortuna<br \/>\n<\/strong>Ge\u00f3grafo e Dr. em Geografia Humana (UFRJ)<\/li>\n<li><strong>Diego Carlos Pereira<br \/>\n<\/strong>Ge\u00f3grafo e Dr. em Geografia (UNESP)<\/li>\n<li><strong>Lucia Cavalieri<br \/>\n<\/strong>Ge\u00f3grafa e Dra. em Geografia Humana (USP)<\/li>\n<\/ul>\n","protected":false},"excerpt":{"rendered":"<p>Departamento de Geografia Ana Cl\u00e1udia Carvalho Giordani Ge\u00f3grafa e Dra em Ensino de Geografia (UFRGS) Carla Maciel Salgado Ge\u00f3grafa e Dra em Geog. F\u00edsica (UFRJ) Cl\u00e1udio Belmonte de Athayde Bohrer Eng. Florestal e Dr. em Geografia (Un. Edimburgo \u2013 Reino Unido) Cristina Pessanha Mary Ge\u00f3grafa e Dra. em Hist\u00f3ria Social (UFRJ) Daniel de Mello Sanfelici [&hellip;]<\/p>\n","protected":false},"author":1209,"featured_media":0,"parent":432,"menu_order":0,"comment_status":"closed","ping_status":"closed","template":"","meta":{"_exactmetrics_skip_tracking":false,"_exactmetrics_sitenote_active":false,"_exactmetrics_sitenote_note":"","_exactmetrics_sitenote_category":0,"footnotes":""},"categories":[],"tags":[],"class_list":["post-663","page","type-page","status-publish","hentry"],"_links":{"self":[{"href":"https:\/\/geografia.sites.uff.br\/index.php\/wp-json\/wp\/v2\/pages\/663","targetHints":{"allow":["GET"]}}],"collection":[{"href":"https:\/\/geografia.sites.uff.br\/index.php\/wp-json\/wp\/v2\/pages"}],"about":[{"href":"https:\/\/geografia.sites.uff.br\/index.php\/wp-json\/wp\/v2\/types\/page"}],"author":[{"embeddable":true,"href":"https:\/\/geografia.sites.uff.br\/index.php\/wp-json\/wp\/v2\/users\/1209"}],"replies":[{"embeddable":true,"href":"https:\/\/geografia.sites.uff.br\/index.php\/wp-json\/wp\/v2\/comments?post=663"}],"version-history":[{"count":15,"href":"https:\/\/geografia.sites.uff.br\/index.php\/wp-json\/wp\/v2\/pages\/663\/revisions"}],"predecessor-version":[{"id":1423,"href":"https:\/\/geografia.sites.uff.br\/index.php\/wp-json\/wp\/v2\/pages\/663\/revisions\/1423"}],"up":[{"embeddable":true,"href":"https:\/\/geografia.sites.uff.br\/index.php\/wp-json\/wp\/v2\/pages\/432"}],"wp:attachment":[{"href":"https:\/\/geografia.sites.uff.br\/index.php\/wp-json\/wp\/v2\/media?parent=663"}],"wp:term":[{"taxonomy":"category","embeddable":true,"href":"https:\/\/geografia.sites.uff.br\/index.php\/wp-json\/wp\/v2\/categories?post=663"},{"taxonomy":"post_tag","embeddable":true,"href":"https:\/\/geografia.sites.uff.br\/index.php\/wp-json\/wp\/v2\/tags?post=663"}],"curies":[{"name":"wp","href":"https:\/\/api.w.org\/{rel}","templated":true}]}}