{"id":657,"date":"2018-08-07T09:00:57","date_gmt":"2018-08-07T12:00:57","guid":{"rendered":"http:\/\/geografia.sites.uff.br\/?page_id=657"},"modified":"2026-01-25T15:25:05","modified_gmt":"2026-01-25T18:25:05","slug":"n-d-e","status":"publish","type":"page","link":"https:\/\/geografia.sites.uff.br\/index.php\/n-d-e\/","title":{"rendered":"N D E"},"content":{"rendered":"<h5>N\u00daCLEO DOCENTE ESTRUTURANTE (NDE)<\/h5>\n<h5><strong><span style=\"color: #000080\">Licenciatura em Geografia:<\/span><\/strong><\/h5>\n<h5><strong>Rosemary Vieira<\/strong> (Presidente do NDE)<\/h5>\n<h5>Amelia Cristina Alves Bezerra<\/h5>\n<h5>Timo Bartholl<\/h5>\n<h5>Juliana Magalh\u00e3es Menezes<\/h5>\n<h5>Daniel Pereira Rosa<\/h5>\n<h5>R\u00e1ul S\u00e1nchez Vicens<\/h5>\n<h5><strong><span style=\"color: #000080\">Bacharelado em Geografia:<\/span><\/strong><\/h5>\n<h5><strong>Carla Maciel Salgado<\/strong> (Presidente do NDE)<\/h5>\n<h5>Paula Maria Moura de Almeida<\/h5>\n<h5>Leda Velloso Buonfiglio<\/h5>\n<h5>Guilherme Fernandez<\/h5>\n<h5>Rita de C\u00e1ssia Martins Montezuma<\/h5>\n<h5>Juliana Magalh\u00e3es Menezes<\/h5>\n","protected":false},"excerpt":{"rendered":"<p>N\u00daCLEO DOCENTE ESTRUTURANTE (NDE) Licenciatura em Geografia: Rosemary Vieira (Presidente do NDE) Amelia Cristina Alves Bezerra Timo Bartholl Juliana Magalh\u00e3es Menezes Daniel Pereira Rosa R\u00e1ul S\u00e1nchez Vicens Bacharelado em Geografia: Carla Maciel Salgado (Presidente do NDE) Paula Maria Moura de Almeida Leda Velloso Buonfiglio Guilherme Fernandez Rita de C\u00e1ssia Martins Montezuma Juliana Magalh\u00e3es Menezes<\/p>\n","protected":false},"author":1209,"featured_media":0,"parent":0,"menu_order":0,"comment_status":"closed","ping_status":"closed","template":"","meta":{"_exactmetrics_skip_tracking":false,"_exactmetrics_sitenote_active":false,"_exactmetrics_sitenote_note":"","_exactmetrics_sitenote_category":0,"footnotes":""},"categories":[15],"tags":[],"class_list":["post-657","page","type-page","status-publish","hentry","category-gestao"],"_links":{"self":[{"href":"https:\/\/geografia.sites.uff.br\/index.php\/wp-json\/wp\/v2\/pages\/657","targetHints":{"allow":["GET"]}}],"collection":[{"href":"https:\/\/geografia.sites.uff.br\/index.php\/wp-json\/wp\/v2\/pages"}],"about":[{"href":"https:\/\/geografia.sites.uff.br\/index.php\/wp-json\/wp\/v2\/types\/page"}],"author":[{"embeddable":true,"href":"https:\/\/geografia.sites.uff.br\/index.php\/wp-json\/wp\/v2\/users\/1209"}],"replies":[{"embeddable":true,"href":"https:\/\/geografia.sites.uff.br\/index.php\/wp-json\/wp\/v2\/comments?post=657"}],"version-history":[{"count":17,"href":"https:\/\/geografia.sites.uff.br\/index.php\/wp-json\/wp\/v2\/pages\/657\/revisions"}],"predecessor-version":[{"id":1508,"href":"https:\/\/geografia.sites.uff.br\/index.php\/wp-json\/wp\/v2\/pages\/657\/revisions\/1508"}],"wp:attachment":[{"href":"https:\/\/geografia.sites.uff.br\/index.php\/wp-json\/wp\/v2\/media?parent=657"}],"wp:term":[{"taxonomy":"category","embeddable":true,"href":"https:\/\/geografia.sites.uff.br\/index.php\/wp-json\/wp\/v2\/categories?post=657"},{"taxonomy":"post_tag","embeddable":true,"href":"https:\/\/geografia.sites.uff.br\/index.php\/wp-json\/wp\/v2\/tags?post=657"}],"curies":[{"name":"wp","href":"https:\/\/api.w.org\/{rel}","templated":true}]}}