{"id":655,"date":"2018-08-07T09:00:26","date_gmt":"2018-08-07T12:00:26","guid":{"rendered":"http:\/\/geografia.sites.uff.br\/?page_id=655"},"modified":"2026-01-26T20:14:41","modified_gmt":"2026-01-26T23:14:41","slug":"colegiado","status":"publish","type":"page","link":"https:\/\/geografia.sites.uff.br\/index.php\/colegiado\/","title":{"rendered":"Colegiado"},"content":{"rendered":"<p><strong>Colegiados dos Cursos &#8211;\u00a0Composi\u00e7\u00e3o:<\/strong><\/p>\n<p><span style=\"color: #000080\"><strong>Geografia &#8211; Bacharelado<\/strong><\/span><br \/>\nPresidente do Colegiado: <strong>Profa . Carla Maciel Salgado<br \/>\n<\/strong><\/p>\n<p><strong>GGE<\/strong> &#8211; Depto. de Geografia<br \/>\n<strong>1 &#8211; Tit.: Humberto Marotta Ribeiro <\/strong>\/ Supl.: Rita de Cassia M. Montezuma<br \/>\n<strong>2 &#8211; Tit.:<\/strong> <strong>Reiner Ol\u00edbano Rosas<\/strong> \/ Supl.: Guilherme Fernandez<br \/>\n<strong>3 &#8211; Tit.: Cristina Pessanha Mary<\/strong> \/ Supl.: Luis Paulo Batista da Silva<br \/>\n<strong>4 &#8211; Tit.: Ivaldo Gon\u00e7alves Lima<\/strong> \/ Supl.: Laura Dos Santos Rougemont<br \/>\n<strong>5 &#8211; Tit.: <\/strong><strong>Daniel de Mello Sanfelici <\/strong>\/ Supl.: Juliana Nunes Rodrigues<\/p>\n<p><strong>GAG<\/strong> &#8211; Depto. de An\u00e1lise Geoambiental<br \/>\n<strong>6 &#8211; Tit.: Juliana Magalh\u00e3es Menezes <\/strong>\/ Supl.: Cristiane Nunes Francisco<\/p>\n<p><strong>GGO<\/strong> &#8211; Depto. de Geologia e Geof\u00edsica<br \/>\n<strong>7 &#8211; Tit.: Isa Brehme \/ <\/strong>Supl.: Jos\u00e9 Ant\u00f4nio Baptista Neto<\/p>\n<p><strong><span style=\"color: #000080\">Geografia Licenciatura<\/span><\/strong><br \/>\nPresidente do Colegiado: <strong>Profa. Rosemary Vieira<\/strong><\/p>\n<p><strong>GGE<\/strong> &#8211; Depto. de Geografia<br \/>\n<strong>1 &#8211; Tit.: Humberto Marotta Ribeiro <\/strong>\/ Supl.: Rita de Cassia M. Montezuma<br \/>\n<strong>2 &#8211; Tit.: Reiner Ol\u00edbano Rosas<\/strong> \/ Supl.: Guilherme Fernandez<br \/>\n<strong>3 &#8211; Tit.: Cristina Pessanha Mary<\/strong> \/ Supl.: Luis Paulo Batista da Silva<br \/>\n<strong>4 &#8211; Tit.: Ana Cl\u00e1udia Carvalho Giordani<\/strong>\u00a0\/ Supl.: Laura Dos Santos Rougemont<br \/>\n<strong>5 &#8211; Tit.: Daniel de Mello Sanfelici \/<\/strong> Supl.: Juliana Nunes Rodrigues<\/p>\n<p><strong>GAG<\/strong> &#8211; Depto. de An\u00e1lise Geoambiental<br \/>\n<strong>6 &#8211; Tit.: Juliana Magalh\u00e3es Menezes <\/strong>\/ Supl.: Cristiane Nunes Francisco<\/p>\n<p><strong>GGO<\/strong> &#8211; Depto. de Geologia e Geof\u00edsica<br \/>\n<strong>7 &#8211; Tit.: Isa Brehme<\/strong> \/ Supl.: Jos\u00e9 Ant\u00f4nio Baptista Neto<\/p>\n<p><strong>SSE<\/strong> &#8211; Depto. de Educa\u00e7\u00e3o, Sociedade e Conhecimento (Fac. de Educa\u00e7\u00e3o)<br \/>\n<strong>8 &#8211; Tit.: Lucia Cavalieri <\/strong>\/ Supl.: Amelia Cristina Alves Bezerra<br \/>\n<strong>9 &#8211; Tit.: Diego Carlos Pereira <\/strong>\/ Supl.: Nelson Barrelo Junior<\/p>\n<p><strong>SFP<\/strong> &#8211; Depto. de Fundamentos Pedag\u00f3gicos (Fac. de Educa\u00e7\u00e3o)<br \/>\n<strong>10 &#8211; Tit.: <\/strong><strong>\u00c9rika Cec\u00edlia Soares Oliveira\u00a0<\/strong>\u00a0\/ Supl.: K\u00eania Aparecida Miranda<\/p>\n","protected":false},"excerpt":{"rendered":"<p>Colegiados dos Cursos &#8211;\u00a0Composi\u00e7\u00e3o: Geografia &#8211; Bacharelado Presidente do Colegiado: Profa . Carla Maciel Salgado GGE &#8211; Depto. de Geografia 1 &#8211; Tit.: Humberto Marotta Ribeiro \/ Supl.: Rita de Cassia M. Montezuma 2 &#8211; Tit.: Reiner Ol\u00edbano Rosas \/ Supl.: Guilherme Fernandez 3 &#8211; Tit.: Cristina Pessanha Mary \/ Supl.: Luis Paulo Batista da [&hellip;]<\/p>\n","protected":false},"author":1209,"featured_media":0,"parent":0,"menu_order":0,"comment_status":"closed","ping_status":"closed","template":"","meta":{"_exactmetrics_skip_tracking":false,"_exactmetrics_sitenote_active":false,"_exactmetrics_sitenote_note":"","_exactmetrics_sitenote_category":0,"footnotes":""},"categories":[15],"tags":[],"class_list":["post-655","page","type-page","status-publish","hentry","category-gestao"],"_links":{"self":[{"href":"https:\/\/geografia.sites.uff.br\/index.php\/wp-json\/wp\/v2\/pages\/655","targetHints":{"allow":["GET"]}}],"collection":[{"href":"https:\/\/geografia.sites.uff.br\/index.php\/wp-json\/wp\/v2\/pages"}],"about":[{"href":"https:\/\/geografia.sites.uff.br\/index.php\/wp-json\/wp\/v2\/types\/page"}],"author":[{"embeddable":true,"href":"https:\/\/geografia.sites.uff.br\/index.php\/wp-json\/wp\/v2\/users\/1209"}],"replies":[{"embeddable":true,"href":"https:\/\/geografia.sites.uff.br\/index.php\/wp-json\/wp\/v2\/comments?post=655"}],"version-history":[{"count":24,"href":"https:\/\/geografia.sites.uff.br\/index.php\/wp-json\/wp\/v2\/pages\/655\/revisions"}],"predecessor-version":[{"id":1512,"href":"https:\/\/geografia.sites.uff.br\/index.php\/wp-json\/wp\/v2\/pages\/655\/revisions\/1512"}],"wp:attachment":[{"href":"https:\/\/geografia.sites.uff.br\/index.php\/wp-json\/wp\/v2\/media?parent=655"}],"wp:term":[{"taxonomy":"category","embeddable":true,"href":"https:\/\/geografia.sites.uff.br\/index.php\/wp-json\/wp\/v2\/categories?post=655"},{"taxonomy":"post_tag","embeddable":true,"href":"https:\/\/geografia.sites.uff.br\/index.php\/wp-json\/wp\/v2\/tags?post=655"}],"curies":[{"name":"wp","href":"https:\/\/api.w.org\/{rel}","templated":true}]}}