{"id":649,"date":"2018-08-07T08:53:08","date_gmt":"2018-08-07T11:53:08","guid":{"rendered":"http:\/\/geografia.sites.uff.br\/?page_id=649"},"modified":"2025-06-26T12:11:21","modified_gmt":"2025-06-26T15:11:21","slug":"instrucoes","status":"publish","type":"page","link":"https:\/\/geografia.sites.uff.br\/index.php\/instrucoes\/","title":{"rendered":"Outros"},"content":{"rendered":"<p>Para ABERTURA de VAGA em disciplinas durante o per\u00edodo de ajuste: <strong>a)<\/strong> usar o <a href=\"https:\/\/app.uff.br\/graduacao\/solicita\">sistema SolicitaUFF<\/a>; <strong>b)<\/strong> a Coordena\u00e7\u00e3o de Geografia ir\u00e1 verificar a exist\u00eancia de vaga junto ao DEPARTAMENTO de origem da disciplina; <strong>c)<\/strong> se houver vaga, a inscri\u00e7\u00e3o na disciplina\/turma ser\u00e1 efetuada, se N\u00c3O houver vaga o aluno ser\u00e1 informado na caixa de di\u00e1logo do SolicitaUFF. Portanto,<strong> \u00e9 imprescind\u00edvel que o aluno monitore os seus pedidos de inscri\u00e7\u00e3o no SolicitaUFF ao longo do per\u00edodo de ajuste.<\/strong><\/p>\n<p><a href=\"https:\/\/www.uff.br\/?q=procedimentos-academicos\">Procedimentos Acad\u00eamicos UFF (consulta \u00e0 p\u00e1gina da PROGRAD\/UFF aqui)<\/a> :<\/p>\n<ol>\n<li>Inscri\u00e7\u00e3o em Disciplinas\/Atividades &#8211; <a href=\"https:\/\/app.uff.br\/graduacao\/solicita\">no per\u00edodo de ajuste usar o SolicitaUFF<\/a>.<\/li>\n<li>Cancelamento de Disciplinas\/Atividades &#8211;&nbsp;<a href=\"https:\/\/app.uff.br\/graduacao\/solicita\">no per\u00edodo de ajuste usar o SolicitaUFF<\/a>.<\/li>\n<li>Vista de Trabalho ou Prova: 03 dias \u00fateis ap\u00f3s a divulga\u00e7\u00e3o dos resultados solicitar ao Depto. da disciplina<\/li>\n<li>Trancamento Especial de Matr\u00edcula: <a href=\"https:\/\/www.uff.br\/processo\/trancamento-especial-de-matricula\/\">ver aqui<\/a><\/li>\n<li>Trancamento (comum) solicitado por aluno regular: prazo segundo Calend\u00e1rio Escolar no SEI <a href=\"https:\/\/www.uff.br\/processo\/trancamento-de-matricula\/\">ver aqui<\/a><\/li>\n<li>Trancamento autom\u00e1tico: \u00e9 s\u00f3 o aluno n\u00e3o fazer inscri\u00e7\u00e3o <em>on line<\/em> em disciplina<\/li>\n<li>Reabertura de Matr\u00edcula (observar prazo no Calend\u00e1rio Escolar)<\/li>\n<li>Cancelamento de Matr\u00edcula. <a href=\"https:\/\/www.uff.br\/processo\/cancelamento-de-matricula\/\">Ver aqui<\/a>.<\/li>\n<li>Dispensa de Disciplinas\/Atividades. <a href=\"https:\/\/www.uff.br\/processo\/dispensa-de-disciplinas\/\">Ver aqui.<\/a><\/li>\n<li>Regime Excepcional de Aprendizagem. <a href=\"https:\/\/www.uff.br\/processo\/regime-excepcional-de-aprendizagem\/\">Ver aqui<\/a>.&nbsp;<\/li>\n<li>Rematr\u00edcula. <a href=\"https:\/\/www.uff.br\/processo\/rematricula\/\">Ver aqui<\/a>.<\/li>\n<li>Reingresso sem concurso p\u00fablico, para realizar outra gradua\u00e7\u00e3o na UFF, n\u00e3o necess\u00e1rio se for cursar outra habilita\u00e7\u00e3o na Geografia (Bacharelado ou Licenciatura). <a href=\"https:\/\/www.uff.br\/processo\/reingresso-sem-concurso-revinculacao\/\">Ver aqui<\/a>.<\/li>\n<li>Mudan\u00e7a de turno. <a href=\"https:\/\/www.uff.br\/processo\/mudanca-de-turno\/\">Ver aqui<\/a>.<\/li>\n<li>Correspond\u00eancia entre disciplinas (cursadas na UFF anteriormente). <a href=\"https:\/\/www.uff.br\/processo\/correspondencia-entre-disciplinas\/\">Ver aqui.<\/a><\/li>\n<\/ol>\n<p><strong>NOME SOCIAL<\/strong>: (<a href=\"https:\/\/www.uff.br\/processo\/inclusao-de-nome-social-em-registros-academicos\/\">processo SEI<\/a>) ler com aten\u00e7\u00e3o a <a href=\"http:\/\/www.noticias.uff.br\/noticias\/2013\/11\/instrucao-nome-social_is_BS1662013_secao-iv_30out.pdf\">Instru\u00e7\u00e3o de Servi\u00e7o<\/a> e a <a href=\"http:\/\/www.uff.br\/sites\/default\/files\/sites\/default\/files\/imagens-das-noticias\/31._resoluaeo_160_2013_-_nome_social_-_bs_028-2015.pdf.pdf\">Resolu\u00e7\u00e3o CEPEx 160\/2013<\/a><\/p>\n\n\n<p>Livros em formato de e-books nas bibliotecas da UFF de interesse \u00e0 Geografia. <a href=\"\/wp-content\/uploads\/sites\/320\/2020\/10\/E-books-dispon\u00edveis_Geografia.pdf\">Vejam lista aqui!<\/a><\/p>\n\n\n\n<p>Editais de <strong><em>MONITORIAS COM BOLSA<\/em><\/strong> do Depto. de Geografia: inscri\u00e7\u00f5es diretamente no sistema de monitoria, onde os candidatos precisam ler e seguir atentamente os procedimentos especificados nos editais: aguardar.<\/p>\n\n\n\n<p class=\"has-very-dark-gray-color has-text-color\">Editais de  <strong><em>MONITORIAS VOLUNT\u00c1RIAS<\/em><\/strong>  do Depto. de Geografia &#8211;  inscri\u00e7\u00f5es definidas dentro dos editais, os quais devem ser lidos atentamente pelos candidatos.<\/p>\n\n\n\n<p><\/p>\n","protected":false},"excerpt":{"rendered":"<p>Para ABERTURA de VAGA em disciplinas durante o per\u00edodo de ajuste: a) usar o sistema SolicitaUFF; b) a Coordena\u00e7\u00e3o de Geografia ir\u00e1 verificar a exist\u00eancia de vaga junto ao DEPARTAMENTO de origem da disciplina; c) se houver vaga, a inscri\u00e7\u00e3o na disciplina\/turma ser\u00e1 efetuada, se N\u00c3O houver vaga o aluno ser\u00e1 informado na caixa de [&hellip;]<\/p>\n","protected":false},"author":1209,"featured_media":0,"parent":0,"menu_order":7,"comment_status":"closed","ping_status":"closed","template":"","meta":{"_exactmetrics_skip_tracking":false,"_exactmetrics_sitenote_active":false,"_exactmetrics_sitenote_note":"","_exactmetrics_sitenote_category":0,"footnotes":""},"categories":[14],"tags":[],"class_list":["post-649","page","type-page","status-publish","hentry","category-discentes"],"_links":{"self":[{"href":"https:\/\/geografia.sites.uff.br\/index.php\/wp-json\/wp\/v2\/pages\/649","targetHints":{"allow":["GET"]}}],"collection":[{"href":"https:\/\/geografia.sites.uff.br\/index.php\/wp-json\/wp\/v2\/pages"}],"about":[{"href":"https:\/\/geografia.sites.uff.br\/index.php\/wp-json\/wp\/v2\/types\/page"}],"author":[{"embeddable":true,"href":"https:\/\/geografia.sites.uff.br\/index.php\/wp-json\/wp\/v2\/users\/1209"}],"replies":[{"embeddable":true,"href":"https:\/\/geografia.sites.uff.br\/index.php\/wp-json\/wp\/v2\/comments?post=649"}],"version-history":[{"count":66,"href":"https:\/\/geografia.sites.uff.br\/index.php\/wp-json\/wp\/v2\/pages\/649\/revisions"}],"predecessor-version":[{"id":1462,"href":"https:\/\/geografia.sites.uff.br\/index.php\/wp-json\/wp\/v2\/pages\/649\/revisions\/1462"}],"wp:attachment":[{"href":"https:\/\/geografia.sites.uff.br\/index.php\/wp-json\/wp\/v2\/media?parent=649"}],"wp:term":[{"taxonomy":"category","embeddable":true,"href":"https:\/\/geografia.sites.uff.br\/index.php\/wp-json\/wp\/v2\/categories?post=649"},{"taxonomy":"post_tag","embeddable":true,"href":"https:\/\/geografia.sites.uff.br\/index.php\/wp-json\/wp\/v2\/tags?post=649"}],"curies":[{"name":"wp","href":"https:\/\/api.w.org\/{rel}","templated":true}]}}