{"id":638,"date":"2018-08-06T15:39:09","date_gmt":"2018-08-06T18:39:09","guid":{"rendered":"http:\/\/geografia.sites.uff.br\/?page_id=638"},"modified":"2025-06-26T12:05:28","modified_gmt":"2025-06-26T15:05:28","slug":"estagios-licenciatura","status":"publish","type":"page","link":"https:\/\/geografia.sites.uff.br\/index.php\/discentes\/estagios-licenciatura\/","title":{"rendered":"Est\u00e1gios Licenciatura"},"content":{"rendered":"<h4><strong>Est\u00e1gio Supervisionado da Licenciatura <\/strong>(relacionado \u00e0s disciplinas de PPE)<\/h4>\n<p>A UFF possui v\u00e1rios conv\u00eanios com redes p\u00fablicas de Ensino B\u00e1sico para a realiza\u00e7\u00e3o de est\u00e1gio (<a href=\"https:\/\/dafplicenciaturas.uff.br\/estagio\/\">veja aqui<\/a>).<\/p>\n<p><em>Os documentos citados abaixo est\u00e3o no<\/em> <a href=\"https:\/\/dafplicenciaturas.uff.br\/estagio\/\"><b>site da Divis\u00e3o de Apoio \u00e0 Forma\u00e7\u00e3o de Professores\/DAFP\/UFF<\/b><\/a>.<\/p>\n<p><span style=\"font-size: revert;color: initial\">Depois de selecionada a escola, leve a carta de apresenta\u00e7\u00e3o<\/span><span style=\"font-size: revert;color: initial\">.<\/span><\/p>\n<p>H\u00e1 2 tipos de TERMOS DE COMPROMISSO DE EST\u00c1GIO:<\/p>\n<p>a) Se o aluno vai realizar est\u00e1gio no Col\u00e9gio Universit\u00e1rio Geraldo Reis (COLUNI\/UFF) deve usar o termo de&nbsp;<b>EST\u00c1GIO INTERNO<\/b>,<br \/>\nb) Se escolher outra escola das redes conveniadas com a UFF, deve usar o termo de&nbsp;<b>EST\u00c1GIO EXTERNO<\/b>.<\/p>\n<p>A cada dia de est\u00e1gio, o aluno deve levar o&nbsp;<b>MAPA DE EST\u00c1GIO<\/b>&nbsp;para registrar as atividades realizadas na escola.<\/p>\n<p>H\u00e1 v\u00e1rios <a href=\"\/wp-content\/uploads\/sites\/320\/2019\/08\/Atividades_estagio_PPE_2018.pdf\">tipos de atividades<\/a> que o estagi\u00e1rio pode acordar com o professor da escola com a anu\u00eancia do professor de PPE\/UFF. <a href=\"\/wp-content\/uploads\/sites\/320\/2019\/08\/Atividades_estagio_PPE_2018.pdf\">Veja a lista.<\/a><\/p>\n<p>Para outros esclarecimentos sobre est\u00e1gio de PPE, consulte o&nbsp;<a href=\"https:\/\/dafplicenciaturas.uff.br\/\"><b>site da Divis\u00e3o de Apoio \u00e0 Forma\u00e7\u00e3o de Professores\/DAFP\/UFF<\/b><\/a>.<\/p>\n<table id=\"attachments\" style=\"height: 645px\" width=\"810\">\n<thead>\n<tr>\n<th><\/th>\n<th><\/th>\n<\/tr>\n<\/thead>\n<tbody>\n<tr class=\"odd\">\n<td>\n<table id=\"attachments\" style=\"height: 175px\" width=\"650\">\n<tbody>\n<tr class=\"even\">\n<td>\n<h5><a href=\"\/wp-content\/uploads\/sites\/320\/2019\/08\/Carta_apresentacao_individual.doc\">Licenciatura: Carta de apresenta\u00e7\u00e3o individual \u00e0 escola selecionada<\/a><\/h5>\n<\/td>\n<\/tr>\n<tr class=\"odd\">\n<td>\n<h5><a href=\"\/wp-content\/uploads\/sites\/320\/2019\/08\/PPE_Termo_compromisso_estagio_interno_obrigatorio.doc\">Licenciatura: Termo de compromisso de est\u00e1gio INTERNO (PPE)<\/a><\/h5>\n<\/td>\n<\/tr>\n<tr class=\"even\">\n<td>\n<h5><a href=\"\/wp-content\/uploads\/sites\/320\/2019\/08\/PPE_termo_compromisso_estagio_externo_obrigatorio.doc\">Licenciatura: Termo de compromisso de est\u00e1gio EXTERNO (PPE)<\/a><\/h5>\n<\/td>\n<\/tr>\n<\/tbody>\n<\/table>\n<\/td>\n<td><\/td>\n<\/tr>\n<tr class=\"even\">\n<td>\n<table id=\"attachments\">\n<tbody>\n<tr class=\"odd\">\n<td>\n<h5><a href=\"\/wp-content\/uploads\/sites\/320\/2018\/08\/Mapa_de_estagio.docx\">Licenciatura: Mapa de est\u00e1gio<\/a><\/h5>\n<h5><a href=\"\/wp-content\/uploads\/sites\/320\/2019\/08\/Atividades_estagio_PPE_2018.pdf\">Tipos de atividades para o estagi\u00e1rio desenvolver na escola<\/a><\/h5>\n<\/td>\n<\/tr>\n<tr class=\"even\">\n<td>\n<h5>Ap\u00f3lice de Seguro de Est\u00e1gio: <a href=\"\/wp-content\/uploads\/sites\/320\/2023\/10\/Apolice_Seguro_3740.pdf\"><span style=\"font-family: tahoma, sans-serif\">Brasilseg Companhia de Seguros<\/span>,&nbsp; ap\u00f3lice no. 3740 &#8211; Vig\u00eancia: de 28\/02\/2021 at\u00e9 28\/02\/2024<\/a><\/h5>\n<p>(V\u00e1lida para est\u00e1gio da Licenciatura e do Bacharelado)<\/td>\n<\/tr>\n<\/tbody>\n<\/table>\n<\/td>\n<td><\/td>\n<\/tr>\n<tr class=\"odd\">\n<td><\/td>\n<td><\/td>\n<\/tr>\n<tr class=\"even\">\n<td><\/td>\n<td><\/td>\n<\/tr>\n<tr class=\"odd\">\n<td><\/td>\n<td><\/td>\n<\/tr>\n<tr class=\"even\">\n<td><\/td>\n<td><\/td>\n<\/tr>\n<tr class=\"odd\">\n<td><\/td>\n<td><\/td>\n<\/tr>\n<tr class=\"even\">\n<td><\/td>\n<\/tr>\n<\/tbody>\n<\/table>\n","protected":false},"excerpt":{"rendered":"<p>Est\u00e1gio Supervisionado da Licenciatura (relacionado \u00e0s disciplinas de PPE) A UFF possui v\u00e1rios conv\u00eanios com redes p\u00fablicas de Ensino B\u00e1sico para a realiza\u00e7\u00e3o de est\u00e1gio (veja aqui). Os documentos citados abaixo est\u00e3o no site da Divis\u00e3o de Apoio \u00e0 Forma\u00e7\u00e3o de Professores\/DAFP\/UFF. Depois de selecionada a escola, leve a carta de apresenta\u00e7\u00e3o. H\u00e1 2 tipos [&hellip;]<\/p>\n","protected":false},"author":1209,"featured_media":0,"parent":135,"menu_order":4,"comment_status":"closed","ping_status":"closed","template":"","meta":{"_exactmetrics_skip_tracking":false,"_exactmetrics_sitenote_active":false,"_exactmetrics_sitenote_note":"","_exactmetrics_sitenote_category":0,"footnotes":""},"categories":[14],"tags":[],"class_list":["post-638","page","type-page","status-publish","hentry","category-discentes"],"_links":{"self":[{"href":"https:\/\/geografia.sites.uff.br\/index.php\/wp-json\/wp\/v2\/pages\/638","targetHints":{"allow":["GET"]}}],"collection":[{"href":"https:\/\/geografia.sites.uff.br\/index.php\/wp-json\/wp\/v2\/pages"}],"about":[{"href":"https:\/\/geografia.sites.uff.br\/index.php\/wp-json\/wp\/v2\/types\/page"}],"author":[{"embeddable":true,"href":"https:\/\/geografia.sites.uff.br\/index.php\/wp-json\/wp\/v2\/users\/1209"}],"replies":[{"embeddable":true,"href":"https:\/\/geografia.sites.uff.br\/index.php\/wp-json\/wp\/v2\/comments?post=638"}],"version-history":[{"count":25,"href":"https:\/\/geografia.sites.uff.br\/index.php\/wp-json\/wp\/v2\/pages\/638\/revisions"}],"predecessor-version":[{"id":1452,"href":"https:\/\/geografia.sites.uff.br\/index.php\/wp-json\/wp\/v2\/pages\/638\/revisions\/1452"}],"up":[{"embeddable":true,"href":"https:\/\/geografia.sites.uff.br\/index.php\/wp-json\/wp\/v2\/pages\/135"}],"wp:attachment":[{"href":"https:\/\/geografia.sites.uff.br\/index.php\/wp-json\/wp\/v2\/media?parent=638"}],"wp:term":[{"taxonomy":"category","embeddable":true,"href":"https:\/\/geografia.sites.uff.br\/index.php\/wp-json\/wp\/v2\/categories?post=638"},{"taxonomy":"post_tag","embeddable":true,"href":"https:\/\/geografia.sites.uff.br\/index.php\/wp-json\/wp\/v2\/tags?post=638"}],"curies":[{"name":"wp","href":"https:\/\/api.w.org\/{rel}","templated":true}]}}