{"id":604,"date":"2018-08-04T10:48:36","date_gmt":"2018-08-04T13:48:36","guid":{"rendered":"http:\/\/geografia.sites.uff.br\/?page_id=604"},"modified":"2025-06-26T12:04:28","modified_gmt":"2025-06-26T15:04:28","slug":"estag_bacharelado","status":"publish","type":"page","link":"https:\/\/geografia.sites.uff.br\/index.php\/discentes\/estag_bacharelado\/","title":{"rendered":"Est\u00e1gios Bacharelado"},"content":{"rendered":"<h4><span style=\"color: #000080\"><strong>Est\u00e1gio Supervisionado do Bacharelado<\/strong><\/span><\/h4>\n<p>O Curso de Bacharelado em Geografia exige a realiza\u00e7\u00e3o de 360 horas de est\u00e1gio supervisionado. Este poder\u00e1 ser desenvolvido em <a href=\"http:\/\/www.estagio.uff.br\/\">empresas conveniadas com a UFF<\/a>, em Campos Internos de Est\u00e1gio (associados a projetos de pesquisa e de extens\u00e3o da UFF, com ou sem bolsa), no Programa de Educa\u00e7\u00e3o Tutorial (PET) e em projetos de inicia\u00e7\u00e3o cient\u00edfica (PIBIC).<\/p>\n<p>No caso de <strong>Campos Internos de Est\u00e1gio<\/strong>, o estudante e o orientador de est\u00e1gio dever\u00e3o preencher um <a href=\"\/wp-content\/uploads\/sites\/320\/2018\/08\/termo_compr_est_interno_obrigatorio.docx\">Termo de Compromisso de Est\u00e1gio<\/a>, acompanhado de plano de trabalho. <span style=\"color: #333399\"><strong>Ap\u00f3s a conclus\u00e3o do est\u00e1gio<\/strong><\/span> deve ser preenchido o&nbsp;<a href=\"\/wp-content\/uploads\/sites\/320\/2018\/08\/Termo_realizacao_de_estagio_interno.doc\">Termo de Realiza\u00e7\u00e3o de Est\u00e1gio<\/a>. Este termo \u00e9 um comprovante institucional importante para documentar o curr\u00edculo do estudante. Outras informa\u00e7\u00f5es visite o <a href=\"http:\/\/www.uff.br\/?q=grupo\/estagios\">site da Divis\u00e3o de Est\u00e1gio da UFF<\/a>.<\/p>\n<p>O Est\u00e1gio Supervisionado do Curso de Bacharelado em Geografia \u00e9 disciplina obrigat\u00f3ria. Se o aluno tem est\u00e1gio em <u>empresas conveniadas \u00e0 UFF<\/u>&nbsp;e\/ou nos&nbsp;<u>Campos de Est\u00e1gio Interno da UFF\/PET\/PIBIC<\/u>,&nbsp;<strong><span style=\"color: #ff0000\">pertinentes ao exerc\u00edcio do ge\u00f3grafo<\/span><\/strong>, deve se inscrever na&nbsp;<span style=\"color: #ff0000\"><u>Turma B<\/u><\/span> da disciplina de Est\u00e1gio Supervisionado ap\u00f3s acumular carga hor\u00e1ria de, pelo menos, <u>120 horas<\/u>. <u>Duas semanas antes do t\u00e9rmino do per\u00edodo letivo<\/u>, o aluno deve entregar a <a href=\"\/wp-content\/uploads\/sites\/320\/2022\/01\/Ficha_avalicao_estagio.doc\"><u>f<\/u><u>icha de avalia\u00e7\u00e3o de est\u00e1gio<\/u><\/a> (<strong>preenchida e assinada pelo supervisor\/orientador do est\u00e1gio<\/strong>) acompanhada <u>de relat\u00f3rio de atividades, <strong>elaborado pelo ESTUDANTE,<\/strong><\/u> ao Depto. de Geografia (<strong>enviar para o email <span style=\"color: #ff0000\">gge.egg@id.uff.br<\/span><\/strong>) para o lan\u00e7amento da nota. No &#8220;assunto&#8221; do email deve constar &#8220;Relat\u00f3rio de Est\u00e1gio Supervisionado&#8221;, na mensagem deve constar NOME e MATR\u00cdCULA do aluno, al\u00e9m de anexar a ficha de avalia\u00e7\u00e3o de est\u00e1gio e o relat\u00f3rio.<\/p>\n<p><strong>O&nbsp;<\/strong><strong>RELAT\u00d3RIO de ATIVIDADES<\/strong> elaborado pelo estudante deve conter:<br \/>\n<strong>1)<\/strong>&nbsp;Nome da empresa e natureza do est\u00e1gio (pesquisa, mapeamento, elabora\u00e7\u00e3o de cadastro e\/ou banco de dados, censo etc.);<br \/>\n<strong>2)<\/strong>&nbsp;Descri\u00e7\u00e3o das atividades desenvolvidas;<br \/>\n<strong>3)<\/strong>&nbsp;M\u00e9todos, ferramentas e\/ou t\u00e9cnicas utilizadas nas quais tenha adquirido habilidades no est\u00e1gio;<br \/>\n<strong>4)<\/strong>&nbsp;Produtos desenvolvidos durante o est\u00e1gio com a participa\u00e7\u00e3o do estudante (banco de dados, mapa, relat\u00f3rio, cadastro de dados etc., se houver).<\/p>\n<p>O Relat\u00f3rio deve ser&nbsp;<u><strong>assinado pelo supervisor\/orientador<\/strong><\/u> do est\u00e1gio e pelo estudante.<\/p>\n<p>O aluno que <span style=\"color: #ff0000\">N\u00c3O<\/span> tem est\u00e1gio deve se inscrever na&nbsp;<span style=\"color: #ff0000\"><u>turma A<\/u><\/span>&nbsp;e assistir a aulas presenciais com o professor alocado para tal disciplina.<\/p>\n<table id=\"attachments\">\n<thead>\n<tr>\n<th style=\"text-align: left\">\n<h5>Documentos<\/h5>\n<\/th>\n<th><\/th>\n<\/tr>\n<\/thead>\n<tbody>\n<tr class=\"odd\">\n<td>\n<h5><a href=\"\/wp-content\/uploads\/sites\/320\/2018\/08\/termo_compr_est_interno_obrigatorio.docx\">Bacharelado: termo de compromisso de est\u00e1gio e plano de trabalho<\/a><\/h5>\n<h5><\/h5>\n<\/td>\n<td><\/td>\n<\/tr>\n<tr class=\"even\">\n<td>\n<h5><a href=\"\/wp-content\/uploads\/sites\/320\/2018\/08\/Termo_realizacao_de_estagio_interno.doc\">Bacharelado: termo de realiza\u00e7\u00e3o de est\u00e1gio<\/a><\/h5>\n<h5><\/h5>\n<\/td>\n<td><\/td>\n<\/tr>\n<tr class=\"odd\">\n<td>\n<h5><a href=\"\/wp-content\/uploads\/sites\/320\/2022\/01\/Ficha_avalicao_estagio.doc\">Bacharelado: ficha de avalia\u00e7\u00e3o de est\u00e1gio<\/a><\/h5>\n<h5><\/h5>\n<\/td>\n<td><\/td>\n<\/tr>\n<tr class=\"even\">\n<td>\n<h5>Ap\u00f3lice de Seguro de Est\u00e1gio: <a href=\"\/wp-content\/uploads\/sites\/320\/2023\/10\/Apolice_Seguro_3740.pdf\"><span style=\"font-family: tahoma, sans-serif\">Brasilseg Companhia de Seguros<\/span>,&nbsp; ap\u00f3lice no. 3740 &#8211; Vig\u00eancia: de 28\/02\/2021 at\u00e9 28\/02\/2024<\/a><\/h5>\n<p>(V\u00e1lida para est\u00e1gio da Licenciatura e do Bacharelado)<\/td>\n<td><\/td>\n<\/tr>\n<tr class=\"odd\">\n<td><\/td>\n<td><\/td>\n<\/tr>\n<tr class=\"even\">\n<td><\/td>\n<td><\/td>\n<\/tr>\n<tr class=\"odd\">\n<td><\/td>\n<td><\/td>\n<\/tr>\n<tr class=\"even\">\n<td><\/td>\n<td><\/td>\n<\/tr>\n<\/tbody>\n<\/table>\n<h4 class=\"title\"><\/h4>\n","protected":false},"excerpt":{"rendered":"<p>Est\u00e1gio Supervisionado do Bacharelado O Curso de Bacharelado em Geografia exige a realiza\u00e7\u00e3o de 360 horas de est\u00e1gio supervisionado. Este poder\u00e1 ser desenvolvido em empresas conveniadas com a UFF, em Campos Internos de Est\u00e1gio (associados a projetos de pesquisa e de extens\u00e3o da UFF, com ou sem bolsa), no Programa de Educa\u00e7\u00e3o Tutorial (PET) e [&hellip;]<\/p>\n","protected":false},"author":1209,"featured_media":0,"parent":135,"menu_order":3,"comment_status":"closed","ping_status":"closed","template":"","meta":{"_exactmetrics_skip_tracking":false,"_exactmetrics_sitenote_active":false,"_exactmetrics_sitenote_note":"","_exactmetrics_sitenote_category":0,"footnotes":""},"categories":[14],"tags":[],"class_list":["post-604","page","type-page","status-publish","hentry","category-discentes"],"_links":{"self":[{"href":"https:\/\/geografia.sites.uff.br\/index.php\/wp-json\/wp\/v2\/pages\/604","targetHints":{"allow":["GET"]}}],"collection":[{"href":"https:\/\/geografia.sites.uff.br\/index.php\/wp-json\/wp\/v2\/pages"}],"about":[{"href":"https:\/\/geografia.sites.uff.br\/index.php\/wp-json\/wp\/v2\/types\/page"}],"author":[{"embeddable":true,"href":"https:\/\/geografia.sites.uff.br\/index.php\/wp-json\/wp\/v2\/users\/1209"}],"replies":[{"embeddable":true,"href":"https:\/\/geografia.sites.uff.br\/index.php\/wp-json\/wp\/v2\/comments?post=604"}],"version-history":[{"count":29,"href":"https:\/\/geografia.sites.uff.br\/index.php\/wp-json\/wp\/v2\/pages\/604\/revisions"}],"predecessor-version":[{"id":1451,"href":"https:\/\/geografia.sites.uff.br\/index.php\/wp-json\/wp\/v2\/pages\/604\/revisions\/1451"}],"up":[{"embeddable":true,"href":"https:\/\/geografia.sites.uff.br\/index.php\/wp-json\/wp\/v2\/pages\/135"}],"wp:attachment":[{"href":"https:\/\/geografia.sites.uff.br\/index.php\/wp-json\/wp\/v2\/media?parent=604"}],"wp:term":[{"taxonomy":"category","embeddable":true,"href":"https:\/\/geografia.sites.uff.br\/index.php\/wp-json\/wp\/v2\/categories?post=604"},{"taxonomy":"post_tag","embeddable":true,"href":"https:\/\/geografia.sites.uff.br\/index.php\/wp-json\/wp\/v2\/tags?post=604"}],"curies":[{"name":"wp","href":"https:\/\/api.w.org\/{rel}","templated":true}]}}