{"id":53,"date":"2018-03-05T18:38:31","date_gmt":"2018-03-05T21:38:31","guid":{"rendered":"http:\/\/geografia.sites.uff.br\/?page_id=53"},"modified":"2025-06-26T12:10:15","modified_gmt":"2025-06-26T15:10:15","slug":"legislacao","status":"publish","type":"page","link":"https:\/\/geografia.sites.uff.br\/index.php\/o-curso\/legislacao\/","title":{"rendered":"Legisla\u00e7\u00e3o"},"content":{"rendered":"<table id=\"attachments\" style=\"height: 316px\" width=\"597\">\n<tbody>\n<tr class=\"odd\">\n<td><a href=\"\/wp-content\/uploads\/sites\/320\/2019\/03\/Criacao_do_Curso1947.pdf\">Cria\u00e7\u00e3o do Curso de Geografia &#8211; 1947<\/a><\/td>\n<td><\/td>\n<\/tr>\n<tr class=\"even\">\n<td><a href=\"\/wp-content\/uploads\/sites\/320\/2019\/03\/Reconhecimento_do-Curso-de-Geografia_1951.pdf\">Reconhecimento do Curso de Geografia &#8211; 1951<\/a><\/td>\n<td><\/td>\n<\/tr>\n<tr class=\"odd\">\n<td><a href=\"\/wp-content\/uploads\/sites\/320\/2019\/03\/Renovacao_reconhecimento_Lic_2014.pdf\">Renova\u00e7\u00e3o de reconhecimento do Curso de Licenciatura em Geografia &#8211; 2014<\/a><\/td>\n<td><\/td>\n<\/tr>\n<tr class=\"even\">\n<td><a href=\"\/wp-content\/uploads\/sites\/320\/2019\/03\/Renovacao_Reconhecimento_Geografia_Bacharelado_2016.pdf\">Renova\u00e7\u00e3o de reconhecimento do Curso de Bacharelado em Geografia &#8211; 2016<\/a><\/td>\n<td><\/td>\n<\/tr>\n<tr class=\"odd\">\n<td><a href=\"\/wp-content\/uploads\/sites\/320\/2019\/06\/Renova\u00e7\u00e3o-de-reconhecimento-2018_grifado.pdf\">Renova\u00e7\u00e3o de reconhecimento dos Cursos de Licenciatura e Bacharelado &#8211; 2018 (cursos listados na p\u00e1gina 10 do documento)<\/a><\/td>\n<td><\/td>\n<\/tr>\n<tr class=\"even\">\n<td><\/td>\n<td><\/td>\n<\/tr>\n<tr class=\"odd\">\n<td><\/td>\n<td><\/td>\n<\/tr>\n<tr class=\"even\">\n<td><\/td>\n<\/tr>\n<\/tbody>\n<\/table>\n","protected":false},"excerpt":{"rendered":"<p>Cria\u00e7\u00e3o do Curso de Geografia &#8211; 1947 Reconhecimento do Curso de Geografia &#8211; 1951 Renova\u00e7\u00e3o de reconhecimento do Curso de Licenciatura em Geografia &#8211; 2014 Renova\u00e7\u00e3o de reconhecimento do Curso de Bacharelado em Geografia &#8211; 2016 Renova\u00e7\u00e3o de reconhecimento dos Cursos de Licenciatura e Bacharelado &#8211; 2018 (cursos listados na p\u00e1gina 10 do documento)<\/p>\n","protected":false},"author":1209,"featured_media":0,"parent":117,"menu_order":8,"comment_status":"closed","ping_status":"closed","template":"","meta":{"_exactmetrics_skip_tracking":false,"_exactmetrics_sitenote_active":false,"_exactmetrics_sitenote_note":"","_exactmetrics_sitenote_category":0,"footnotes":""},"categories":[13],"tags":[],"class_list":["post-53","page","type-page","status-publish","hentry","category-legislacao"],"_links":{"self":[{"href":"https:\/\/geografia.sites.uff.br\/index.php\/wp-json\/wp\/v2\/pages\/53","targetHints":{"allow":["GET"]}}],"collection":[{"href":"https:\/\/geografia.sites.uff.br\/index.php\/wp-json\/wp\/v2\/pages"}],"about":[{"href":"https:\/\/geografia.sites.uff.br\/index.php\/wp-json\/wp\/v2\/types\/page"}],"author":[{"embeddable":true,"href":"https:\/\/geografia.sites.uff.br\/index.php\/wp-json\/wp\/v2\/users\/1209"}],"replies":[{"embeddable":true,"href":"https:\/\/geografia.sites.uff.br\/index.php\/wp-json\/wp\/v2\/comments?post=53"}],"version-history":[{"count":9,"href":"https:\/\/geografia.sites.uff.br\/index.php\/wp-json\/wp\/v2\/pages\/53\/revisions"}],"predecessor-version":[{"id":1459,"href":"https:\/\/geografia.sites.uff.br\/index.php\/wp-json\/wp\/v2\/pages\/53\/revisions\/1459"}],"up":[{"embeddable":true,"href":"https:\/\/geografia.sites.uff.br\/index.php\/wp-json\/wp\/v2\/pages\/117"}],"wp:attachment":[{"href":"https:\/\/geografia.sites.uff.br\/index.php\/wp-json\/wp\/v2\/media?parent=53"}],"wp:term":[{"taxonomy":"category","embeddable":true,"href":"https:\/\/geografia.sites.uff.br\/index.php\/wp-json\/wp\/v2\/categories?post=53"},{"taxonomy":"post_tag","embeddable":true,"href":"https:\/\/geografia.sites.uff.br\/index.php\/wp-json\/wp\/v2\/tags?post=53"}],"curies":[{"name":"wp","href":"https:\/\/api.w.org\/{rel}","templated":true}]}}