{"id":46,"date":"2018-03-05T18:30:35","date_gmt":"2018-03-05T21:30:35","guid":{"rendered":"http:\/\/geografia.sites.uff.br\/?page_id=46"},"modified":"2020-04-02T00:13:43","modified_gmt":"2020-04-02T03:13:43","slug":"objetivos","status":"publish","type":"page","link":"https:\/\/geografia.sites.uff.br\/index.php\/o-curso\/objetivos\/","title":{"rendered":"Objetivos"},"content":{"rendered":"<h5>O objetivo do curso de <strong>Bacharelado em Geografia<\/strong> da UFF\/Niter\u00f3i (c\u00f3digo 312689) \u00e9 instruir o aluno a interpretar criticamente a organiza\u00e7\u00e3o do espa\u00e7o produzido pelas rela\u00e7\u00f5es dos homens entre si e com a Natureza, nas suas diferentes configura\u00e7\u00f5es territoriais\/ambientais (regional, agr\u00e1rio e urbano); analisar as rela\u00e7\u00f5es especializadas da estrutura econ\u00f4mica, social e pol\u00edtica das sociedades contempor\u00e2neas; desenvolver pesquisas e assessoria em \u00f3rg\u00e3os p\u00fablicos e privados dedicados ao planejamento urbano, agr\u00e1rio e ambiental; elaborar diagn\u00f3sticos de impactos ambientais provocados pelas a\u00e7\u00f5es humanas; empregar t\u00e9cnicas laboratoriais e geotecnologias concernentes a produ\u00e7\u00e3o e aplica\u00e7\u00e3o do conhecimento geogr\u00e1fico.<\/h5>\n<h5>Deste modo, o Bacharel em Geografia pode atuar em empresas p\u00fablicas (IBGE, ICMBio, INEA etc.) e privadas, prefeituras, secretarias estaduais e federais, al\u00e9m de trabalhar como aut\u00f4nomo.<\/h5>\n<h5>O objetivo do curso de <strong>Licenciatura em Geografia\/<\/strong>Niter\u00f3i (c\u00f3digo 12689) \u00e9 formar professores com postura cr\u00edtica e reflexiva, capazes de lidar com as mudan\u00e7as e quest\u00f5es do mundo contempor\u00e2neo, que se reproduzem tamb\u00e9m em sala de aula. Neste contexto, pretende-se que os alunos do curso dominem os conte\u00fados b\u00e1sicos que s\u00e3o objeto de aprendizagem nos n\u00edveis fundamental e m\u00e9dio; desenvolvam a capacidade de articula\u00e7\u00e3o do conhecimento te\u00f3rico \u00e0 pr\u00e1tica docente; organizem o conhecimento espacial adequando-o ao processo de ensino-aprendizagem em Geografia nos diferentes n\u00edveis de ensino; vivenciem a experi\u00eancia de pesquisa no ensino para a forma\u00e7\u00e3o docente.<\/h5>\n<h5>Deste modo, o Licenciado em Geografia pode atuar nas atividades de ensino nos n\u00edveis fundamental e m\u00e9dio de institui\u00e7\u00f5es p\u00fablicas e privadas, contribuindo na qualifica\u00e7\u00e3o permanente da Educa\u00e7\u00e3o em nosso pa\u00eds.<\/h5>\n<h5>Embora o candidato ao curso de Geografia tenha que escolher entre as titula\u00e7\u00f5es de Bacharel e Licenciado, ao final do curso, pode-se solicitar a perman\u00eancia de v\u00ednculo para concluir o outro curso. Assim, o aluno tem a possibilidade de se graduar nos cursos de Licenciatura em Geografia e Bacharelado em Geografia em, no m\u00ednimo, 5 anos.<\/h5>\n","protected":false},"excerpt":{"rendered":"<p>O objetivo do curso de Bacharelado em Geografia da UFF\/Niter\u00f3i (c\u00f3digo 312689) \u00e9 instruir o aluno a interpretar criticamente a organiza\u00e7\u00e3o do espa\u00e7o produzido pelas rela\u00e7\u00f5es dos homens entre si e com a Natureza, nas suas diferentes configura\u00e7\u00f5es territoriais\/ambientais (regional, agr\u00e1rio e urbano); analisar as rela\u00e7\u00f5es especializadas da estrutura econ\u00f4mica, social e pol\u00edtica das sociedades [&hellip;]<\/p>\n","protected":false},"author":1209,"featured_media":0,"parent":117,"menu_order":2,"comment_status":"closed","ping_status":"closed","template":"","meta":{"_exactmetrics_skip_tracking":false,"_exactmetrics_sitenote_active":false,"_exactmetrics_sitenote_note":"","_exactmetrics_sitenote_category":0,"footnotes":""},"categories":[8],"tags":[],"class_list":["post-46","page","type-page","status-publish","hentry","category-objetivos"],"_links":{"self":[{"href":"https:\/\/geografia.sites.uff.br\/index.php\/wp-json\/wp\/v2\/pages\/46","targetHints":{"allow":["GET"]}}],"collection":[{"href":"https:\/\/geografia.sites.uff.br\/index.php\/wp-json\/wp\/v2\/pages"}],"about":[{"href":"https:\/\/geografia.sites.uff.br\/index.php\/wp-json\/wp\/v2\/types\/page"}],"author":[{"embeddable":true,"href":"https:\/\/geografia.sites.uff.br\/index.php\/wp-json\/wp\/v2\/users\/1209"}],"replies":[{"embeddable":true,"href":"https:\/\/geografia.sites.uff.br\/index.php\/wp-json\/wp\/v2\/comments?post=46"}],"version-history":[{"count":8,"href":"https:\/\/geografia.sites.uff.br\/index.php\/wp-json\/wp\/v2\/pages\/46\/revisions"}],"predecessor-version":[{"id":961,"href":"https:\/\/geografia.sites.uff.br\/index.php\/wp-json\/wp\/v2\/pages\/46\/revisions\/961"}],"up":[{"embeddable":true,"href":"https:\/\/geografia.sites.uff.br\/index.php\/wp-json\/wp\/v2\/pages\/117"}],"wp:attachment":[{"href":"https:\/\/geografia.sites.uff.br\/index.php\/wp-json\/wp\/v2\/media?parent=46"}],"wp:term":[{"taxonomy":"category","embeddable":true,"href":"https:\/\/geografia.sites.uff.br\/index.php\/wp-json\/wp\/v2\/categories?post=46"},{"taxonomy":"post_tag","embeddable":true,"href":"https:\/\/geografia.sites.uff.br\/index.php\/wp-json\/wp\/v2\/tags?post=46"}],"curies":[{"name":"wp","href":"https:\/\/api.w.org\/{rel}","templated":true}]}}