{"id":34,"date":"2018-03-05T15:26:16","date_gmt":"2018-03-05T18:26:16","guid":{"rendered":"http:\/\/geografia.sites.uff.br\/?page_id=34"},"modified":"2020-04-02T00:11:10","modified_gmt":"2020-04-02T03:11:10","slug":"historico","status":"publish","type":"page","link":"https:\/\/geografia.sites.uff.br\/index.php\/historico\/","title":{"rendered":"Hist\u00f3rico"},"content":{"rendered":"<h5>O Curso de Gradua\u00e7\u00e3o em Geografia da Universidade Federal Fluminense foi criado pelo decreto lei 22.999 de 24 de abril de 1947 e reconhecido pelo\u00a0decreto lei 29.362 de 14 de mar\u00e7o de 1951. Desde o inicio o curso vem se destacando na forma\u00e7\u00e3o de profissionais dedicados \u00e0s atividades do magist\u00e9rio e, posteriormente, na forma\u00e7\u00e3o de bachar\u00e9is.<\/h5>\n<h5>A gradua\u00e7\u00e3o em Geografia, nas titula\u00e7\u00f5es de licenciatura (c\u00f3digo 12689) e bacharelado (c\u00f3digo 312689), abrange disciplinas ministradas pelo Departamento de Geografia (criado em 1968) e dos demais Departamentos que comp\u00f5em o Instituto de Geoci\u00eancias (Geologia e Cartografia, atualmente, An\u00e1lise Geoambiental). Algumas disciplinas obrigat\u00f3rias s\u00e3o ministradas pelo Departamento de Hist\u00f3ria, Departamento de Antropologia e Faculdade de Educa\u00e7\u00e3o (disciplinas voltadas para Licenciatura). Os cursos de Bacharelado em Geografia e Licenciatura em Geografia podem ser conclu\u00eddos em 4 anos.<\/h5>\n<h5>Ao longo da sua hist\u00f3ria acad\u00eamica, o Curso de Gradua\u00e7\u00e3o em Geografia vem abrigando o ingresso de 50 alunos por semestre, por meio do concurso vestibular da Universidade Federal Fluminense e, atualmente por meio do SISU\/ENEM. Outras formas de ingresso s\u00e3o por transfer\u00eancia, reingresso e mudan\u00e7a de curso, cujas oportunidades podem ser checadas na COSEAC (<a title=\"http:\/\/www.vestibular.uff.br\/\" href=\"http:\/\/www.vestibular.uff.br\/\">http:\/\/www.vestibular.uff.br\/<\/a>) no fim do ano (novembro e dezembro).<\/h5>\n<h5>As atividades do\u00a0Curso de Gradua\u00e7\u00e3o em Geografia\u00a0s\u00e3o realizadas em dois turnos &#8211;\u00a0manh\u00e3 (ingresso no primeiro semestre) e\u00a0noite\u00a0(ingresso no segundo semestre) &#8211; desde a reformula\u00e7\u00e3o curricular ocorrida no ano de 1994. As disciplinas optativas podem ser oferecidas tamb\u00e9m no turno da\u00a0tarde.<\/h5>\n<h5>Embora o candidato ao curso de Geografia tenha que escolher entre as titula\u00e7\u00f5es de Bacharel e Licenciado, ao final do curso, pode-se solicitar a perman\u00eancia de v\u00ednculo\u00a0para concluir o outro curso. Assim, o aluno tem a possibilidade de se graduar nos cursos de Licenciatura em Geografia e Bacharelado em Geografia em, no m\u00ednimo, 5 anos.<\/h5>\n<h5>\u00a0O Curso funciona no pr\u00e9dio do Instituto de Geoci\u00eancias (sala 505), situado na Av. Gal. Milton Tavares de Souza, s\/n\u00ba &#8211; Campus da Praia Vermelha\u00a0&#8211; Boa Viagem &#8211; Niter\u00f3i\/RJ. Contatos por telefone (2629-5948 \/ 2629-5949) ou por email (ggg.egg@id.uff.br).<\/h5>\n","protected":false},"excerpt":{"rendered":"<p>O Curso de Gradua\u00e7\u00e3o em Geografia da Universidade Federal Fluminense foi criado pelo decreto lei 22.999 de 24 de abril de 1947 e reconhecido pelo\u00a0decreto lei 29.362 de 14 de mar\u00e7o de 1951. Desde o inicio o curso vem se destacando na forma\u00e7\u00e3o de profissionais dedicados \u00e0s atividades do magist\u00e9rio e, posteriormente, na forma\u00e7\u00e3o de [&hellip;]<\/p>\n","protected":false},"author":1209,"featured_media":0,"parent":0,"menu_order":1,"comment_status":"closed","ping_status":"closed","template":"","meta":{"_exactmetrics_skip_tracking":false,"_exactmetrics_sitenote_active":false,"_exactmetrics_sitenote_note":"","_exactmetrics_sitenote_category":0,"footnotes":""},"categories":[7],"tags":[],"class_list":["post-34","page","type-page","status-publish","hentry","category-historico"],"_links":{"self":[{"href":"https:\/\/geografia.sites.uff.br\/index.php\/wp-json\/wp\/v2\/pages\/34","targetHints":{"allow":["GET"]}}],"collection":[{"href":"https:\/\/geografia.sites.uff.br\/index.php\/wp-json\/wp\/v2\/pages"}],"about":[{"href":"https:\/\/geografia.sites.uff.br\/index.php\/wp-json\/wp\/v2\/types\/page"}],"author":[{"embeddable":true,"href":"https:\/\/geografia.sites.uff.br\/index.php\/wp-json\/wp\/v2\/users\/1209"}],"replies":[{"embeddable":true,"href":"https:\/\/geografia.sites.uff.br\/index.php\/wp-json\/wp\/v2\/comments?post=34"}],"version-history":[{"count":10,"href":"https:\/\/geografia.sites.uff.br\/index.php\/wp-json\/wp\/v2\/pages\/34\/revisions"}],"predecessor-version":[{"id":960,"href":"https:\/\/geografia.sites.uff.br\/index.php\/wp-json\/wp\/v2\/pages\/34\/revisions\/960"}],"wp:attachment":[{"href":"https:\/\/geografia.sites.uff.br\/index.php\/wp-json\/wp\/v2\/media?parent=34"}],"wp:term":[{"taxonomy":"category","embeddable":true,"href":"https:\/\/geografia.sites.uff.br\/index.php\/wp-json\/wp\/v2\/categories?post=34"},{"taxonomy":"post_tag","embeddable":true,"href":"https:\/\/geografia.sites.uff.br\/index.php\/wp-json\/wp\/v2\/tags?post=34"}],"curies":[{"name":"wp","href":"https:\/\/api.w.org\/{rel}","templated":true}]}}