{"id":32,"date":"2018-03-05T15:25:41","date_gmt":"2018-03-05T18:25:41","guid":{"rendered":"http:\/\/geografia.sites.uff.br\/?page_id=32"},"modified":"2025-06-26T12:09:40","modified_gmt":"2025-06-26T15:09:40","slug":"projeto-pedagogico","status":"publish","type":"page","link":"https:\/\/geografia.sites.uff.br\/index.php\/o-curso\/projeto-pedagogico\/","title":{"rendered":"Projeto Pedag\u00f3gico"},"content":{"rendered":"<p>Projeto Pedag\u00f3gico do Curso de Geografia (Licenciatura e Bacharelado) &#8211; <a href=\"\/wp-content\/uploads\/sites\/320\/2023\/08\/PPP-Geografia-2006-1.pdf\">vers\u00e3o 2006<\/a><\/p>\n<p>Projeto Pedag\u00f3gico do Curso de Geografia (Licenciatura) &#8211; <a href=\"\/wp-content\/uploads\/sites\/320\/2023\/08\/PPC_Geografia_Licenciatura_versao_2018.pdf\">vers\u00e3o 2018 (em atendimento \u00e0 Resolu\u00e7\u00e3o CNE\/CP no 2\/2015)<\/a><\/p>\n\n\n<p><\/p>\n","protected":false},"excerpt":{"rendered":"<p>Projeto Pedag\u00f3gico do Curso de Geografia (Licenciatura e Bacharelado) &#8211; vers\u00e3o 2006 Projeto Pedag\u00f3gico do Curso de Geografia (Licenciatura) &#8211; vers\u00e3o 2018 (em atendimento \u00e0 Resolu\u00e7\u00e3o CNE\/CP no 2\/2015)<\/p>\n","protected":false},"author":1209,"featured_media":0,"parent":117,"menu_order":6,"comment_status":"closed","ping_status":"closed","template":"","meta":{"_exactmetrics_skip_tracking":false,"_exactmetrics_sitenote_active":false,"_exactmetrics_sitenote_note":"","_exactmetrics_sitenote_category":0,"footnotes":""},"categories":[11],"tags":[],"class_list":["post-32","page","type-page","status-publish","hentry","category-projeto-pedagogico"],"_links":{"self":[{"href":"https:\/\/geografia.sites.uff.br\/index.php\/wp-json\/wp\/v2\/pages\/32","targetHints":{"allow":["GET"]}}],"collection":[{"href":"https:\/\/geografia.sites.uff.br\/index.php\/wp-json\/wp\/v2\/pages"}],"about":[{"href":"https:\/\/geografia.sites.uff.br\/index.php\/wp-json\/wp\/v2\/types\/page"}],"author":[{"embeddable":true,"href":"https:\/\/geografia.sites.uff.br\/index.php\/wp-json\/wp\/v2\/users\/1209"}],"replies":[{"embeddable":true,"href":"https:\/\/geografia.sites.uff.br\/index.php\/wp-json\/wp\/v2\/comments?post=32"}],"version-history":[{"count":8,"href":"https:\/\/geografia.sites.uff.br\/index.php\/wp-json\/wp\/v2\/pages\/32\/revisions"}],"predecessor-version":[{"id":1458,"href":"https:\/\/geografia.sites.uff.br\/index.php\/wp-json\/wp\/v2\/pages\/32\/revisions\/1458"}],"up":[{"embeddable":true,"href":"https:\/\/geografia.sites.uff.br\/index.php\/wp-json\/wp\/v2\/pages\/117"}],"wp:attachment":[{"href":"https:\/\/geografia.sites.uff.br\/index.php\/wp-json\/wp\/v2\/media?parent=32"}],"wp:term":[{"taxonomy":"category","embeddable":true,"href":"https:\/\/geografia.sites.uff.br\/index.php\/wp-json\/wp\/v2\/categories?post=32"},{"taxonomy":"post_tag","embeddable":true,"href":"https:\/\/geografia.sites.uff.br\/index.php\/wp-json\/wp\/v2\/tags?post=32"}],"curies":[{"name":"wp","href":"https:\/\/api.w.org\/{rel}","templated":true}]}}