{"id":254,"date":"2018-03-12T16:17:52","date_gmt":"2018-03-12T19:17:52","guid":{"rendered":"http:\/\/geografia.sites.uff.br\/?page_id=254"},"modified":"2025-06-26T12:09:07","modified_gmt":"2025-06-26T15:09:07","slug":"fluxogramas","status":"publish","type":"page","link":"https:\/\/geografia.sites.uff.br\/index.php\/o-curso\/fluxogramas\/","title":{"rendered":"Fluxogramas"},"content":{"rendered":"\n<div class=\"wp-block-group\"><div class=\"wp-block-group__inner-container is-layout-flow wp-block-group-is-layout-flow\">\n<div class=\"wp-block-group\"><div class=\"wp-block-group__inner-container is-layout-flow wp-block-group-is-layout-flow\">\n<table id=\"attachments\" style=\"height: 624px\" width=\"731\">\n<thead>\n<tr>\n<th>\n<h4>Anexos<\/h4>\n<\/th>\n<th>&nbsp;<\/th>\n<\/tr>\n<\/thead>\n<tbody>\n<tr class=\"odd\">\n<td>\n<p><a href=\"\/wp-content\/uploads\/sites\/320\/2023\/03\/Matriz_Geografia_BAC_2023.pdf\">Matriz Curricular de Geografia &#8211; Bacharelado, vers\u00e3o 2023 com incorpora\u00e7\u00e3o da extens\u00e3o<\/a><\/p>\n<p><a href=\"\/wp-content\/uploads\/sites\/320\/2023\/03\/Matriz_Geografia_LIC_2023.pdf\">Matriz Curricular de Geografia &#8211; Licenciatura, vers\u00e3o 2023 com incorpora\u00e7\u00e3o da extens\u00e3o<\/a><\/p>\n<h5><a href=\"\/wp-content\/uploads\/sites\/320\/2021\/05\/Fluxograma_Licenciatura_jan2019_curriculo_03.02.005.pdf\">Fluxograma do curso de Licenciatura em Geografia (2019)<\/a><\/h5>\n<h5><a href=\"\/wp-content\/uploads\/sites\/320\/2018\/08\/FluxogramaGeografiaLicenciatura_2017.pdf\">Fluxograma do curso de Licenciatura em Geografia (2017)<\/a><\/h5>\n<\/td>\n<td>&nbsp;<\/td>\n<\/tr>\n<tr class=\"even\">\n<td><a href=\"\/wp-content\/uploads\/sites\/320\/2018\/08\/FluxogramaGeografia_Bacharelado_2017.pdf\">Fluxograma do curso de Bacharelado em Geografia (2017)<\/a><\/td>\n<td>&nbsp;<\/td>\n<\/tr>\n<tr class=\"odd\">\n<td><a href=\"\/wp-content\/uploads\/sites\/320\/2018\/08\/FluxogramaGeografiaLicenciado_2007_2011.pdf\">Fluxograma do curso de Licenciatura em Geografia (2007-2011)<\/a><\/td>\n<td>&nbsp;<\/td>\n<\/tr>\n<tr class=\"even\">\n<td><a href=\"\/wp-content\/uploads\/sites\/320\/2018\/08\/FluxogramaGeografiaBacharel_2007_2011.pdf\">Fluxograma do curso de Bacharelado em Geografia (2007-2011)<\/a><\/td>\n<td>&nbsp;<\/td>\n<\/tr>\n<tr class=\"odd\">\n<td><a href=\"\/wp-content\/uploads\/sites\/320\/2018\/08\/FluxogramaGeografiaLicenciatura_1995.pdf\">Fluxograma do curso de Licenciatura em Geografia (1995)<\/a><\/td>\n<td>&nbsp;<\/td>\n<\/tr>\n<tr class=\"even\">\n<td><a href=\"\/wp-content\/uploads\/sites\/320\/2018\/08\/FluxogramaGeografiaBacharel_1995.pdf\">Fluxograma do curso de Bacharelado em Geografia (1995)<\/a><\/td>\n<td>&nbsp;<\/td>\n<\/tr>\n<tr class=\"odd\">\n<td>\n<p><a href=\"\/wp-content\/uploads\/sites\/320\/2018\/08\/MatrizCurricular_Lic_Geografia_2017.pdf\">Matriz Curricular do curso de Licenciatura em Geografia (2017)<\/a><\/p>\n<\/td>\n<td>&nbsp;<\/td>\n<\/tr>\n<tr class=\"even\">\n<td>\n<p><a href=\"\/wp-content\/uploads\/sites\/320\/2018\/08\/MatrizCurricular_Bac_Geografia_2017.pdf\">Matriz Curricular do curso de Bacharelado em Geografia (2017)<\/a><\/p>\n<\/td>\n<td>&nbsp;<\/td>\n<\/tr>\n<tr class=\"odd\">\n<td>\n<p><a href=\"\/wp-content\/uploads\/sites\/320\/2021\/05\/Matriz_2020_Geo_Lic.pdf\">Matriz Curricular do curso de Licenciatura em Geografia (2019)<\/a><\/p>\n<\/td>\n<td>&nbsp;<\/td>\n<\/tr>\n<tr class=\"even\">\n<td>&nbsp;<\/td>\n<td>&nbsp;<\/td>\n<\/tr>\n<tr class=\"odd\">\n<td>&nbsp;<\/td>\n<\/tr>\n<\/tbody>\n<\/table>\n<\/div><\/div>\n<\/div><\/div>\n","protected":false},"excerpt":{"rendered":"<p>Anexos &nbsp; Matriz Curricular de Geografia &#8211; Bacharelado, vers\u00e3o 2023 com incorpora\u00e7\u00e3o da extens\u00e3o Matriz Curricular de Geografia &#8211; Licenciatura, vers\u00e3o 2023 com incorpora\u00e7\u00e3o da extens\u00e3o Fluxograma do curso de Licenciatura em Geografia (2019) Fluxograma do curso de Licenciatura em Geografia (2017) &nbsp; Fluxograma do curso de Bacharelado em Geografia (2017) &nbsp; Fluxograma do curso [&hellip;]<\/p>\n","protected":false},"author":1209,"featured_media":0,"parent":117,"menu_order":5,"comment_status":"closed","ping_status":"closed","template":"","meta":{"_exactmetrics_skip_tracking":false,"_exactmetrics_sitenote_active":false,"_exactmetrics_sitenote_note":"","_exactmetrics_sitenote_category":0,"footnotes":""},"categories":[10],"tags":[],"class_list":["post-254","page","type-page","status-publish","hentry","category-fluxograma"],"_links":{"self":[{"href":"https:\/\/geografia.sites.uff.br\/index.php\/wp-json\/wp\/v2\/pages\/254","targetHints":{"allow":["GET"]}}],"collection":[{"href":"https:\/\/geografia.sites.uff.br\/index.php\/wp-json\/wp\/v2\/pages"}],"about":[{"href":"https:\/\/geografia.sites.uff.br\/index.php\/wp-json\/wp\/v2\/types\/page"}],"author":[{"embeddable":true,"href":"https:\/\/geografia.sites.uff.br\/index.php\/wp-json\/wp\/v2\/users\/1209"}],"replies":[{"embeddable":true,"href":"https:\/\/geografia.sites.uff.br\/index.php\/wp-json\/wp\/v2\/comments?post=254"}],"version-history":[{"count":18,"href":"https:\/\/geografia.sites.uff.br\/index.php\/wp-json\/wp\/v2\/pages\/254\/revisions"}],"predecessor-version":[{"id":1457,"href":"https:\/\/geografia.sites.uff.br\/index.php\/wp-json\/wp\/v2\/pages\/254\/revisions\/1457"}],"up":[{"embeddable":true,"href":"https:\/\/geografia.sites.uff.br\/index.php\/wp-json\/wp\/v2\/pages\/117"}],"wp:attachment":[{"href":"https:\/\/geografia.sites.uff.br\/index.php\/wp-json\/wp\/v2\/media?parent=254"}],"wp:term":[{"taxonomy":"category","embeddable":true,"href":"https:\/\/geografia.sites.uff.br\/index.php\/wp-json\/wp\/v2\/categories?post=254"},{"taxonomy":"post_tag","embeddable":true,"href":"https:\/\/geografia.sites.uff.br\/index.php\/wp-json\/wp\/v2\/tags?post=254"}],"curies":[{"name":"wp","href":"https:\/\/api.w.org\/{rel}","templated":true}]}}