{"id":173,"date":"2018-03-07T15:48:05","date_gmt":"2018-03-07T18:48:05","guid":{"rendered":"http:\/\/geografia.sites.uff.br\/?page_id=173"},"modified":"2018-03-21T15:09:03","modified_gmt":"2018-03-21T18:09:03","slug":"links","status":"publish","type":"page","link":"https:\/\/geografia.sites.uff.br\/index.php\/links\/","title":{"rendered":"Links"},"content":{"rendered":"<h4><a href=\"http:\/\/www.uff.br\/degeografia\" target=\"_blank\">UFF &#8211; Departamento de Geografia<\/a><\/h4>\n<h4><a href=\"http:\/\/www.uff.br\/analisegeoambiental\/\" target=\"_blank\">UFF &#8211; Departamento de An\u00e1lise Geoambiental<\/a><\/h4>\n<h4><a href=\"http:\/\/www.uff.br\/degeografia\/\" target=\"_blank\">UFF &#8211; Departamento de Geologia<\/a><\/h4>\n<h4><a href=\"https:\/\/inscricao.id.uff.br\/\" target=\"_blank\">IdUFF &#8211; Sistema Unificado da Universidade Federal Fluminense<\/a><\/h4>\n<h4><a href=\"http:\/\/www.uff.br\/geociencias\/\" target=\"_blank\">UFF &#8211; Instituto de Geoci\u00eancias<\/a><\/h4>\n<h4><a href=\"http:\/\/www.uff.br\/?q=grupo\/internacional\" target=\"_blank\">UFF &#8211; Assesoria para Assunos Internacionais<\/a><\/h4>\n<h4><a href=\"http:\/\/portaldoprofessor.mec.gov.br\/index.html\" target=\"_blank\">MEC &#8211; Portal do Professor<\/a><\/h4>\n<h4><a href=\"https:\/\/www.ibge.gov.br\/\" target=\"_blank\">IBGE &#8211; Instituto Brasileiro de Geografia e Estat\u00edsticaGoverno Federal &#8211; Dom\u00ednio P\u00fablico<\/a><\/h4>\n<h4><a href=\"http:\/\/www.faperj.br\/\" target=\"_blank\">FAPERJ &#8211; Funda\u00e7\u00e3o de Amparo \u00e0 Pesquisa do Estado do Rio de Janeiro<\/a><\/h4>\n<h4><a href=\"http:\/\/www.cnpq.br\/\" target=\"_blank\">CNPq &#8211; Conselho Nacional de Desenvolvimento Cient\u00edfico e Tecnol\u00f3gico<\/a><\/h4>\n<h4><a href=\"http:\/\/www.fundec.org.br\/\" target=\"_blank\">FEC &#8211; Funda\u00e7\u00e3o Euclides da Cunha<\/a><\/h4>\n<h4><a href=\"http:\/\/www.uff.br\/webtv\" target=\"_blank\">UFF &#8211; WebTV<\/a><\/h4>\n<h4><a href=\"http:\/\/www.centrodeartes.uff.br\/\" target=\"_blank\">UFF &#8211; Centro de Artes<\/a><\/h4>\n<h4><a href=\"http:\/\/www.inpe.br\/\" target=\"_blank\">INPE &#8211; Instituto Nacional de Pesquisas Espaciais<\/a><\/h4>\n<h4><a href=\"http:\/\/www.capes.gov.br\/\" target=\"_blank\">CAPES &#8211; Coordena\u00e7\u00e3o de Aperfei\u00e7oamento de Pessoal de N\u00edvel Superior<\/a><\/h4>\n<h4><a href=\"http:\/\/www-periodicos-capes-gov-br.ez24.periodicos.capes.gov.br\/\" target=\"_blank\">Peri\u00f3dicos CAPES<\/a><\/h4>\n<h4><a href=\"http:\/\/www.ibict.br\/\" target=\"_blank\">IBICT &#8211; Instituto Brasileiro de Informa\u00e7\u00e3o em Ci\u00eancia e Tecnologia<\/a><\/h4>\n<h4><a href=\"http:\/\/www.concar.ibge.gov.br\/detalheMembros.aspx?cod=20\" target=\"_blank\">Diretoria de Servi\u00e7o Geogr\u00e1fico do Comando do Ex\u00e9rcito, do Minist\u00e9rio da Defesa<\/a><\/h4>\n<h4><a href=\"http:\/\/www.concar.ibge.gov.br\/detalheMembros.aspx?cod=21\" target=\"_blank\">Diretoria de Hidrografia e Navega\u00e7\u00e3o do Comando da Marinha, do Minist\u00e9rio da Defesa<\/a><\/h4>\n<h4><a href=\"http:\/\/www.concar.ibge.gov.br\/detalheMembros.aspx?cod=22\" target=\"_blank\">Instituto de Cartografia Aeron\u00e1utica do Comando da Aeron\u00e1utica, do Minist\u00e9rio da Defesa<\/a><\/h4>\n<h4><a href=\"http:\/\/www.concar.ibge.gov.br\/detalheMembros.aspx?cod=24\" target=\"_blank\">Associa\u00e7\u00e3o Nacional das Empresas de Aerolevantamentos \u2013 ANEA<\/a><\/h4>\n<p><a href=\"http:\/\/www.inde.gov.br\/\" target=\"_blank\"><strong>Infraestrutura Nacional de Dados Espaciais \u2013 INDE<\/strong><\/a><\/p>\n","protected":false},"excerpt":{"rendered":"<p>UFF &#8211; Departamento de Geografia UFF &#8211; Departamento de An\u00e1lise Geoambiental UFF &#8211; Departamento de Geologia IdUFF &#8211; Sistema Unificado da Universidade Federal Fluminense UFF &#8211; Instituto de Geoci\u00eancias UFF &#8211; Assesoria para Assunos Internacionais MEC &#8211; Portal do Professor IBGE &#8211; Instituto Brasileiro de Geografia e Estat\u00edsticaGoverno Federal &#8211; Dom\u00ednio P\u00fablico FAPERJ &#8211; Funda\u00e7\u00e3o [&hellip;]<\/p>\n","protected":false},"author":1209,"featured_media":0,"parent":0,"menu_order":0,"comment_status":"closed","ping_status":"closed","template":"","meta":{"_exactmetrics_skip_tracking":false,"_exactmetrics_sitenote_active":false,"_exactmetrics_sitenote_note":"","_exactmetrics_sitenote_category":0,"footnotes":""},"categories":[20],"tags":[],"class_list":["post-173","page","type-page","status-publish","hentry","category-links"],"_links":{"self":[{"href":"https:\/\/geografia.sites.uff.br\/index.php\/wp-json\/wp\/v2\/pages\/173","targetHints":{"allow":["GET"]}}],"collection":[{"href":"https:\/\/geografia.sites.uff.br\/index.php\/wp-json\/wp\/v2\/pages"}],"about":[{"href":"https:\/\/geografia.sites.uff.br\/index.php\/wp-json\/wp\/v2\/types\/page"}],"author":[{"embeddable":true,"href":"https:\/\/geografia.sites.uff.br\/index.php\/wp-json\/wp\/v2\/users\/1209"}],"replies":[{"embeddable":true,"href":"https:\/\/geografia.sites.uff.br\/index.php\/wp-json\/wp\/v2\/comments?post=173"}],"version-history":[{"count":6,"href":"https:\/\/geografia.sites.uff.br\/index.php\/wp-json\/wp\/v2\/pages\/173\/revisions"}],"predecessor-version":[{"id":369,"href":"https:\/\/geografia.sites.uff.br\/index.php\/wp-json\/wp\/v2\/pages\/173\/revisions\/369"}],"wp:attachment":[{"href":"https:\/\/geografia.sites.uff.br\/index.php\/wp-json\/wp\/v2\/media?parent=173"}],"wp:term":[{"taxonomy":"category","embeddable":true,"href":"https:\/\/geografia.sites.uff.br\/index.php\/wp-json\/wp\/v2\/categories?post=173"},{"taxonomy":"post_tag","embeddable":true,"href":"https:\/\/geografia.sites.uff.br\/index.php\/wp-json\/wp\/v2\/tags?post=173"}],"curies":[{"name":"wp","href":"https:\/\/api.w.org\/{rel}","templated":true}]}}