{"id":168,"date":"2018-03-07T15:40:27","date_gmt":"2018-03-07T18:40:27","guid":{"rendered":"http:\/\/geografia.sites.uff.br\/?page_id=168"},"modified":"2025-06-26T11:46:22","modified_gmt":"2025-06-26T14:46:22","slug":"curriculo","status":"publish","type":"page","link":"https:\/\/geografia.sites.uff.br\/index.php\/curriculo\/","title":{"rendered":"Curr\u00edculo"},"content":{"rendered":"<h5>Os curr\u00edculos de Bacharelado em Geografia (c\u00f3digo 312689) e Licenciatura em Geografia (c\u00f3digo 12689) apresentam uma estrutura de disciplinas em comum:<\/h5>\n<h5>&#8211; O N\u00facleo Espec\u00edfico (conte\u00fados e pr\u00e1ticas referentes explicitamente \u00e0 ci\u00eancia geogr\u00e1fica) estabelece os conte\u00fados de forma\u00e7\u00e3o do futuro profissional. As disciplinas abordam conte\u00fados te\u00f3ricos e conceituais sobre a rela\u00e7\u00e3o Sociedade e Natureza, Popula\u00e7\u00e3o, Geomorfologia, Biogeografia, Geografia Agr\u00e1ria, Geografia Urbana, Climatologia etc. Al\u00e9m disso, h\u00e1 disciplinas que discutem quest\u00f5es sobre o Brasil e o Mundo. Em v\u00e1rias destas disciplinas s\u00e3o realizadas atividades pr\u00e1ticas de campo (viagens e coleta de amostras e informa\u00e7\u00f5es), de laborat\u00f3rio e de gabinete (mapeamentos, elabora\u00e7\u00e3o de relat\u00f3rios e de semin\u00e1rios).<\/h5>\n<h5>&#8211; O N\u00facleo Complementar compreende conte\u00fados e pr\u00e1ticas considerados necess\u00e1rios \u00e0 aquisi\u00e7\u00e3o mais ampla do conhecimento do espa\u00e7o geogr\u00e1fico. \u00c9 constitu\u00eddo por 6 disciplinas obrigat\u00f3rias ministradas por professores dos departamentos de Geologia, An\u00e1lise Geoambiental, Hist\u00f3ria e Antropologia. Em algumas destas disciplinas tamb\u00e9m s\u00e3o realizadas atividades pr\u00e1ticas de campo, de laborat\u00f3rio e de gabinete, procurando-se fomentar uma abordagem interdisciplinar.<\/h5>\n<h5>&#8211; O N\u00facleo de Op\u00e7\u00f5es Livres \u00e9 composto de conte\u00fados e pr\u00e1ticas de livre escolha dos graduandos. \u00c9 constitu\u00eddo por disciplinas optativas oferecidas pelos departamentos de Geografia, Geologia, An\u00e1lise Geoambiental, Hist\u00f3ria, Sociologia, Economia, Antropologia, entre outros.<\/h5>\n<h5>Para o Curso de Bacharelado em Geografia s\u00e3o ministradas ainda as disciplinas de Planejamento Territorial, Geografia Pol\u00edtica, Estudos de Impactos Ambientais e Geomorfologia Costeira, al\u00e9m de Trabalho de Conclus\u00e3o de Curso desenvolvido pelo aluno com a orienta\u00e7\u00e3o de um professor. Os Est\u00e1gios Supervisionados (I, II e III) podem ser realizados em aulas presenciais, em empresas conveniadas ou em Campos Internos de Est\u00e1gio da UFF.<\/h5>\n<h5>Para o Curso de Licenciatura em Geografia h\u00e1 as disciplinas de Did\u00e1tica, Psicologia da Educa\u00e7\u00e3o, Organiza\u00e7\u00e3o da Educa\u00e7\u00e3o no Brasil, Pesquisa e Pr\u00e1tica Educativa (I, II, III e IV). Nestas \u00faltimas, al\u00e9m de aprender e discutir conte\u00fados te\u00f3ricos e conceituais, o aluno realiza est\u00e1gio em escolas p\u00fablicas.<\/h5>\n<h5>Em 2011 e 2017, houve alguns ajustes com a inclus\u00e3o da disciplina de Libras no curr\u00edculo de Licenciatura em Geografia e mudan\u00e7a na periodiza\u00e7\u00e3o de algumas disciplinas para ambos os cursos.<\/h5>\n<p>Links para as Ementas<\/p>\n<h4><a href=\"\/wp-content\/uploads\/sites\/320\/2018\/08\/Ementario_2007.pdf\">Ement\u00e1rio simples das Disciplinas do Curr\u00edculo V\u00e1lido \u00e0 Partir de 2007<\/a><\/h4>\n<h4><a href=\"\/wp-content\/uploads\/sites\/320\/2018\/08\/Ementario_1995_2006.pdf\">Ement\u00e1rio simples das Disciplinas do Curr\u00edculo V\u00e1lido&nbsp;Entre&nbsp;1992 e 2006<\/a><\/h4>\n<h4><a href=\"\/wp-content\/uploads\/sites\/320\/2018\/08\/FluxogramaGeografia_Bacharelado_2017.pdf\">Fluxograma do curso de Bacharelado em Geografia (2017)<\/a><\/h4>\n<h4><a href=\"\/wp-content\/uploads\/sites\/320\/2018\/08\/FluxogramaGeografiaLicenciatura_2017.pdf\">Fluxograma do curso de Licenciatura em Geografia (2017)<\/a><\/h4>\n<h4><\/h4>\n<table id=\"attachments\" style=\"height: 294px\" width=\"381\">\n<thead>\n<tr>\n<th><\/th>\n<th><\/th>\n<\/tr>\n<\/thead>\n<tbody>\n<tr class=\"odd\">\n<td><\/td>\n<td><\/td>\n<\/tr>\n<tr class=\"even\">\n<td><\/td>\n<td><\/td>\n<\/tr>\n<tr class=\"odd\">\n<td><\/td>\n<td><\/td>\n<\/tr>\n<tr class=\"even\">\n<td><\/td>\n<td><\/td>\n<\/tr>\n<tr class=\"odd\">\n<td><\/td>\n<td><\/td>\n<\/tr>\n<tr class=\"even\">\n<td><\/td>\n<td><\/td>\n<\/tr>\n<tr class=\"odd\">\n<td><\/td>\n<td><\/td>\n<\/tr>\n<tr class=\"even\">\n<td><\/td>\n<td><\/td>\n<\/tr>\n<tr class=\"odd\">\n<td><\/td>\n<td><\/td>\n<\/tr>\n<tr class=\"even\">\n<td><\/td>\n<td><\/td>\n<\/tr>\n<tr class=\"odd\">\n<td><\/td>\n<td><\/td>\n<\/tr>\n<\/tbody>\n<\/table>\n","protected":false},"excerpt":{"rendered":"<p>Os curr\u00edculos de Bacharelado em Geografia (c\u00f3digo 312689) e Licenciatura em Geografia (c\u00f3digo 12689) apresentam uma estrutura de disciplinas em comum: &#8211; O N\u00facleo Espec\u00edfico (conte\u00fados e pr\u00e1ticas referentes explicitamente \u00e0 ci\u00eancia geogr\u00e1fica) estabelece os conte\u00fados de forma\u00e7\u00e3o do futuro profissional. As disciplinas abordam conte\u00fados te\u00f3ricos e conceituais sobre a rela\u00e7\u00e3o Sociedade e Natureza, Popula\u00e7\u00e3o, [&hellip;]<\/p>\n","protected":false},"author":1209,"featured_media":0,"parent":0,"menu_order":0,"comment_status":"closed","ping_status":"closed","template":"","meta":{"_exactmetrics_skip_tracking":false,"_exactmetrics_sitenote_active":false,"_exactmetrics_sitenote_note":"","_exactmetrics_sitenote_category":0,"footnotes":""},"categories":[],"tags":[],"class_list":["post-168","page","type-page","status-publish","hentry"],"_links":{"self":[{"href":"https:\/\/geografia.sites.uff.br\/index.php\/wp-json\/wp\/v2\/pages\/168","targetHints":{"allow":["GET"]}}],"collection":[{"href":"https:\/\/geografia.sites.uff.br\/index.php\/wp-json\/wp\/v2\/pages"}],"about":[{"href":"https:\/\/geografia.sites.uff.br\/index.php\/wp-json\/wp\/v2\/types\/page"}],"author":[{"embeddable":true,"href":"https:\/\/geografia.sites.uff.br\/index.php\/wp-json\/wp\/v2\/users\/1209"}],"replies":[{"embeddable":true,"href":"https:\/\/geografia.sites.uff.br\/index.php\/wp-json\/wp\/v2\/comments?post=168"}],"version-history":[{"count":19,"href":"https:\/\/geografia.sites.uff.br\/index.php\/wp-json\/wp\/v2\/pages\/168\/revisions"}],"predecessor-version":[{"id":1442,"href":"https:\/\/geografia.sites.uff.br\/index.php\/wp-json\/wp\/v2\/pages\/168\/revisions\/1442"}],"wp:attachment":[{"href":"https:\/\/geografia.sites.uff.br\/index.php\/wp-json\/wp\/v2\/media?parent=168"}],"wp:term":[{"taxonomy":"category","embeddable":true,"href":"https:\/\/geografia.sites.uff.br\/index.php\/wp-json\/wp\/v2\/categories?post=168"},{"taxonomy":"post_tag","embeddable":true,"href":"https:\/\/geografia.sites.uff.br\/index.php\/wp-json\/wp\/v2\/tags?post=168"}],"curies":[{"name":"wp","href":"https:\/\/api.w.org\/{rel}","templated":true}]}}