{"id":153,"date":"2018-03-07T14:46:24","date_gmt":"2018-03-07T17:46:24","guid":{"rendered":"http:\/\/geografia.sites.uff.br\/?page_id=153"},"modified":"2024-11-13T19:09:26","modified_gmt":"2024-11-13T22:09:26","slug":"colacao-de-grau","status":"publish","type":"page","link":"https:\/\/geografia.sites.uff.br\/index.php\/discentes\/colacao-de-grau\/","title":{"rendered":"Cola\u00e7\u00e3o de Grau"},"content":{"rendered":"<h5>PROV\u00c1VEIS FORMANDOS<\/h5>\n<h5>No meio do per\u00edodo letivo, a Coordena\u00e7\u00e3o de Geografia enviar\u00e1 um <strong>formul\u00e1rio para os prov\u00e1veis concluintes<\/strong>, no qual registrar\u00e3o, entre outras informa\u00e7\u00f5es, o seu desejo de cola\u00e7\u00e3o de grau e de reingresso (para outra titula\u00e7\u00e3o da Geografia ou para outro curso).<\/h5>\n<h5>Ap\u00f3s preenchimento do formul\u00e1rio, os alunos que v\u00e3o concluir o curso de Geografia em uma das titula\u00e7\u00f5es (Licenciatura ou Bacharelado) devem enviar \u00e0 Coordena\u00e7\u00e3o de Geografia <span style=\"color: #ff0000\">(email espec\u00edfico: <strong>concluinte.geografia.uff@gmail.com<\/strong>) <\/span>c\u00f3pia digitalizada LEG\u00cdVEL no formato PDF e <span style=\"color: #ff0000\"><strong>convertida em PDF\/A-2b<\/strong><\/span> dos seguintes documentos:<\/h5>\n<h5>a) A <strong>identidade<\/strong> deve conter a NATURALIDADE (local de nascimento) e N\u00c3O deve ter prazo de validade, ou seja, n\u00e3o pode ser usada a carteira de motorista ou outros. Digitalizar FRENTE E VERSO num<strong><span style=\"color: #333399\"> ARQUIVO PDF \u00daNICO e depois converter para PDF\/A-2b<\/span><\/strong>.<\/h5>\n<h5>b) O comprovante de <strong>CONCLUS\u00c3O de ENSINO M\u00c9DIO:<\/strong> podendo ser o Certificado ou o Hist\u00f3rico Escolar do Ensino M\u00e9dio. Os <strong><u>dois lados da folha<\/u><\/strong> do documento \u00a0precisam ser digitalizados, <strong>mesmo que um lado esteja em branco<\/strong>. Os dois lados (frente e verso) precisam ser digitalizados como <strong><span style=\"color: #333399\">ARQUIVO PDF \u00daNICO e depois convertido para PDF\/A-2b<\/span><\/strong>.<\/h5>\n<h5>Nos casos de <strong>reingresso<\/strong> para outra titula\u00e7\u00e3o no curso de Geografia (Licenciatura ou Bacharelado) ou para outro curso de gradua\u00e7\u00e3o da UFF, o aluno <strong>TEM QUE SE INSCREVER, <\/strong>no <strong>semestre subsequente<\/strong>, em uma (ou mais) disciplina(s) no per\u00edodo de inscri\u00e7\u00e3o ON LINE (ou no per\u00edodo de ajuste usar o SOLICITAUFF <strong>como ingressante<\/strong>) e <span style=\"color: #333399\">N\u00c3O pode ficar REPROVADO na(s) disciplina(s)<\/span>.\u00a0 Deste modo, o aluno ganhar\u00e1 um novo n\u00famero de matr\u00edcula para concluir a pr\u00f3xima titula\u00e7\u00e3o.<\/h5>\n<h5>O aluno que quiser solicitar<strong>\u00a0&#8220;reingresso sem concurso p\u00fablico&#8221; para OUTRO CURSO (revincula\u00e7\u00e3o) <\/strong>deve abrir um processo (<strong>usar o SEI<\/strong> &#8211; Sistema Eletr\u00f4nico de Informa\u00e7\u00f5es, <a href=\"https:\/\/www.uff.br\/processo\/reingresso-sem-concurso-revinculacao\/\">ver aqui<\/a>), respeitando o <strong>prazo\u00a0<\/strong>estipulado no\u00a0<strong>Calend\u00e1rio Escolar<\/strong>. No per\u00edodo de inscri\u00e7\u00e3o on line, o aluno deve se inscrever numa (ou mais) disciplina(s) e N\u00c3O ficar reprovado para obter a matr\u00edcula do novo curso. Se o reingresso for entre Licenciatura ou Bacharelado da pr\u00f3pria Geografia, n\u00e3o precisa fazer processo, apenas sinalizar no formul\u00e1rio enviado.<\/h5>\n<h5><strong>Procedimento da COLA\u00c7\u00c3O DE GRAU Administrativa<\/strong>:\u00a0 o aluno concluinte dever\u00e1 monitorar o seu email institucional <span style=\"color: #ff0000\"><strong>@id.uff.br<\/strong><\/span> para preenchimento do formul\u00e1rio eletr\u00f4nico, em at\u00e9 03 (tr\u00eas) dias \u00fateis, contados do envio pela DCCD\/DAE. O acompanhamento das comunica\u00e7\u00f5es no seu UFFmail deve continuar at\u00e9 o recebimento da Certid\u00e3o de Conclus\u00e3o de Curso.<\/h5>\n<h5><strong><span style=\"color: #0000ff\">DIPLOMA para concluintes at\u00e9 2020-1<\/span><\/strong>: <span style=\"color: #000000\">Ap\u00f3s cola\u00e7\u00e3o de grau<\/span> (administrava &#8211; recebimento de certificado pelo email institucional),<span style=\"color: #000000\"> o estudante pode solicitar a entrega (presencial) <\/span><span style=\"color: #ff0000\"><span style=\"color: #000000\">do diploma, com a consequente assinatura deste, enviando mensagem, com seus dados<\/span> <span style=\"color: #000000\">pessoais<\/span><\/span><span style=\"color: #000000\"> (nome, CPF, matr\u00edcula, curso e habilita\u00e7\u00e3o\/Lic.\/Bac., per\u00edodo de cola\u00e7\u00e3o de grau) para<\/span> <a href=\"mailto:protocolo.prograd@id.uff.br\">protocolo.prograd@id.uff.br<\/a> .<\/h5>\n<h5><strong><span style=\"color: #0000ff\">DIPLOMA DIGITAL para concluintes 2020-2 e posteriores:<\/span><\/strong> acessar informa\u00e7\u00f5es (d\u00favidas e questionamentos) sobre diploma digital, <a href=\"https:\/\/www.uff.br\/prograd\/formatura-e-diploma\/\">clique aqui<\/a>!<\/h5>\n<h5><strong><span style=\"color: #0000ff\"> O Diploma Digital ser\u00e1 disponibilizado no Sistema Acad\u00eamico &#8211; Diploma<\/span><\/strong>, que tamb\u00e9m enviar\u00e1 um e-mail autom\u00e1tico ao titular do documento (UFFmail do concluinte), t\u00e3o logo ele seja emitido. <a href=\"https:\/\/app.uff.br\/graduacao\/diploma\/\">Acesso ao sistema aqui!<\/a><\/h5>\n<h5><strong>ANTECIPA\u00c7\u00c3O DE COLA\u00c7\u00c3O DE GRAU<\/strong>: Se o aluno foi convocado em concurso p\u00fablico, ser\u00e1 contratado por empresa privada ou p\u00fablica\u00a0 ou foi aprovado em curso de p\u00f3s-gradua\u00e7\u00e3o, pode solicitar cola\u00e7\u00e3o de grau antecipada. Veja informa\u00e7\u00f5es, instru\u00e7\u00f5es e formul\u00e1rios no site da PROGRAD (<a href=\"https:\/\/www.uff.br\/prograd\/formatura-e-diploma\/\">clique aqui<\/a>!).<\/h5>\n<h5><strong>COLA\u00c7\u00c3O DE GRAU AVULSA<\/strong>: relativa a estudantes que tiveram pend\u00eancias em documenta\u00e7\u00e3o apresentada ou que n\u00e3o tenham preenchido e enviado o formul\u00e1rio de cola\u00e7\u00e3o de grau no prazo estabelecido. <a href=\"https:\/\/www.uff.br\/prograd\/formatura-e-diploma\/\">Ver procedimentos aqui<\/a>!<\/h5>\n","protected":false},"excerpt":{"rendered":"<p>PROV\u00c1VEIS FORMANDOS No meio do per\u00edodo letivo, a Coordena\u00e7\u00e3o de Geografia enviar\u00e1 um formul\u00e1rio para os prov\u00e1veis concluintes, no qual registrar\u00e3o, entre outras informa\u00e7\u00f5es, o seu desejo de cola\u00e7\u00e3o de grau e de reingresso (para outra titula\u00e7\u00e3o da Geografia ou para outro curso). Ap\u00f3s preenchimento do formul\u00e1rio, os alunos que v\u00e3o concluir o curso de [&hellip;]<\/p>\n","protected":false},"author":1209,"featured_media":0,"parent":135,"menu_order":0,"comment_status":"closed","ping_status":"closed","template":"","meta":{"_exactmetrics_skip_tracking":false,"_exactmetrics_sitenote_active":false,"_exactmetrics_sitenote_note":"","_exactmetrics_sitenote_category":0,"footnotes":""},"categories":[18],"tags":[],"class_list":["post-153","page","type-page","status-publish","hentry","category-colacao-grau"],"_links":{"self":[{"href":"https:\/\/geografia.sites.uff.br\/index.php\/wp-json\/wp\/v2\/pages\/153","targetHints":{"allow":["GET"]}}],"collection":[{"href":"https:\/\/geografia.sites.uff.br\/index.php\/wp-json\/wp\/v2\/pages"}],"about":[{"href":"https:\/\/geografia.sites.uff.br\/index.php\/wp-json\/wp\/v2\/types\/page"}],"author":[{"embeddable":true,"href":"https:\/\/geografia.sites.uff.br\/index.php\/wp-json\/wp\/v2\/users\/1209"}],"replies":[{"embeddable":true,"href":"https:\/\/geografia.sites.uff.br\/index.php\/wp-json\/wp\/v2\/comments?post=153"}],"version-history":[{"count":43,"href":"https:\/\/geografia.sites.uff.br\/index.php\/wp-json\/wp\/v2\/pages\/153\/revisions"}],"predecessor-version":[{"id":1403,"href":"https:\/\/geografia.sites.uff.br\/index.php\/wp-json\/wp\/v2\/pages\/153\/revisions\/1403"}],"up":[{"embeddable":true,"href":"https:\/\/geografia.sites.uff.br\/index.php\/wp-json\/wp\/v2\/pages\/135"}],"wp:attachment":[{"href":"https:\/\/geografia.sites.uff.br\/index.php\/wp-json\/wp\/v2\/media?parent=153"}],"wp:term":[{"taxonomy":"category","embeddable":true,"href":"https:\/\/geografia.sites.uff.br\/index.php\/wp-json\/wp\/v2\/categories?post=153"},{"taxonomy":"post_tag","embeddable":true,"href":"https:\/\/geografia.sites.uff.br\/index.php\/wp-json\/wp\/v2\/tags?post=153"}],"curies":[{"name":"wp","href":"https:\/\/api.w.org\/{rel}","templated":true}]}}