{"id":151,"date":"2018-03-07T14:45:50","date_gmt":"2018-03-07T17:45:50","guid":{"rendered":"http:\/\/geografia.sites.uff.br\/?page_id=151"},"modified":"2026-02-28T16:18:38","modified_gmt":"2026-02-28T19:18:38","slug":"t-c-c","status":"publish","type":"page","link":"https:\/\/geografia.sites.uff.br\/index.php\/discentes\/t-c-c\/","title":{"rendered":"T C C"},"content":{"rendered":"<h5>Trabalho de Conclus\u00e3o de Curso (TCC) \u00e9 a disciplina do Curso de Bacharelado em Geografia, onde ser\u00e1 desenvolvida uma monografia pelo aluno sob a orienta\u00e7\u00e3o de um professor do quadro permanente da UFF, na ativa ou aposentado, relacionado \u00e0 Geografia e a \u00e1reas afins.<\/h5>\n<h5>Ser\u00e1 aceito como equivalente ao TCC um artigo de autoria individual do aluno, aprovado para publica\u00e7\u00e3o em revista indexada e com <em>referee<\/em>.<\/h5>\n<h5>Estudantes que j\u00e1 est\u00e3o desenvolvendo o TCC devem realizar a <strong>inscri\u00e7\u00e3o na disciplina TCC<\/strong> (GGG00015) no per\u00edodo letivo corrente pelo sistema <span style=\"color: #800080\">SOLICITAUFF<\/span> (<a href=\"https:\/\/app.uff.br\/graduacao\/solicita\">https:\/\/app.uff.br\/graduacao\/solicita<\/a>\u00a0),\u00a0<span style=\"color: #800080\"><em><strong>durante o per\u00edodo de ajuste<\/strong><\/em><\/span>. Em paralelo \u00e0 solicita\u00e7\u00e3o de inscri\u00e7\u00e3o, <span style=\"color: #800080\">o aluno dever\u00e1 enviar email para a Coordena\u00e7\u00e3o de Geografia<\/span> (<a href=\"mailto:ggg.egg@id.uff.br\">ggg.egg@id.uff.br<\/a>) <strong><span style=\"color: #800080\">COM C\u00d3PIA AO ORIENTADOR<\/span><\/strong>. Quando o professor confirmar a orienta\u00e7\u00e3o, a Coordena\u00e7\u00e3o proceder\u00e1 a inscri\u00e7\u00e3o em TCC.\u00a0<strong>O prazo para defesa de TCC \u00e9 o \u00faltimo dia do per\u00edodo letivo em curso (ver coluna \u00e0 direita neste site)<\/strong>.<\/h5>\n<h5><strong><em><span style=\"color: #993366\">Consulte temas e contatos dos professores orientadores<\/span> <a href=\"http:\/\/geografia.sites.uff.br\/wp-content\/uploads\/sites\/320\/2026\/02\/Temas_orientacao__TCC.pdf\">aqui<\/a>.<\/em><\/strong><\/h5>\n<h5>A <strong>coorienta\u00e7\u00e3o<\/strong> ser\u00e1 permitida, desde que atenda aos interesses da investiga\u00e7\u00e3o cient\u00edfica, de acordo com o orientador e com o aluno. Pesquisadores externos \u00e0 UFF, alunos de doutorado e p\u00f3s-doutorandos poder\u00e3o coorientar, desde que tenham, no m\u00ednimo, o t\u00edtulo de Mestre.<\/h5>\n<h5>A<strong> banca examinadora<\/strong> ser\u00e1 constitu\u00edda pelo orientador e por, pelo menos, 1 (um) leitor cr\u00edtico. Este \u00faltimo dever\u00e1 ter, no m\u00ednimo, o t\u00edtulo de mestre (Me.), podendo ser professor, profissional e\/ou pesquisador externo \u00e0 UFF, atuante na Geografia e em \u00e1reas afins.<\/h5>\n<h5>A <strong>avalia\u00e7\u00e3o de TCC<\/strong> poder\u00e1 ocorrer de duas formas: <strong>a)<\/strong> Apresenta\u00e7\u00e3o p\u00fablica (presencial ou virtual) diante da banca examinadora; <strong>b)<\/strong> <a href=\"\/wp-content\/uploads\/sites\/320\/2019\/10\/Formulario_Parecer_TCC.docx\">Emiss\u00e3o de pareceres<\/a> dos integrantes da banca examinadora, a ser enviados por email \u00e0 Coordena\u00e7\u00e3o do Curso de Geografia.<\/h5>\n<h5>No caso de defesa por\u00a0<u>apresenta\u00e7\u00e3o p\u00fablica presencial<\/u>, o aluno e\/ou orientador devem reservar uma sala DIRETAMENTE na <strong>SECRETARIA do INSTITUTO DE GEOCI\u00caNCIAS<\/strong> (sala 515). No caso de <u>apresenta\u00e7\u00e3o p\u00fablica virtual<\/u><strong>, <\/strong>a gera\u00e7\u00e3o do link ficar\u00e1 a cargo do orientador.<\/h5>\n<h5>No caso de <u>defesa por <a href=\"\/wp-content\/uploads\/sites\/320\/2019\/10\/Formulario_Parecer_TCC.docx\">parecer<\/a><\/u>, os formul\u00e1rios de parecer do orientador e da banca devem ser enviados por email \u00e0 Coordena\u00e7\u00e3o de Geografia, devidamente preenchidos e assinados, juntos com a\u00a0<a href=\"\/wp-content\/uploads\/sites\/320\/2024\/05\/Modelo_Ata_defesa_TCC.docx\">Ata de Avalia\u00e7\u00e3o de TCC<\/a>.<\/h5>\n<h5>Nas diferentes situa\u00e7\u00f5es de avalia\u00e7\u00e3o de TCC, por apresenta\u00e7\u00e3o p\u00fablica (presencial ou virtual) ou por parecer, a <a href=\"\/wp-content\/uploads\/sites\/320\/2024\/05\/Modelo_Ata_defesa_TCC.docx\">Ata de Avalia\u00e7\u00e3o de TCC<\/a> dever\u00e1 ser devidamente preenchida pelo orientador e ASSINADA pelos membros da Banca Examinadora. Em seguida, este deve ser enviada para o email da Coordena\u00e7\u00e3o de Geografia para o registro da nota. Posteriormente, a declara\u00e7\u00e3o de participa\u00e7\u00e3o na Banca Examinadora ser\u00e1 confeccionada e enviada para o professor orientador, o qual dever\u00e1 remeter aos demais membros da banca.<\/h5>\n<h5>A\u00a0<strong>formata\u00e7\u00e3o\u00a0do TCC<\/strong>\u00a0deve seguir as regras estabelecidas nos arquivos abaixo, incluindo a formata\u00e7\u00e3o da\u00a0<a href=\"http:\/\/bibliotecas.uff.br\/big\/fichacatalografica\"><strong>ficha catalogr\u00e1fica<\/strong><\/a>, a qual deve ser confeccionada pelo aluno no site da UFF. O &#8220;<a href=\"http:\/\/bibliotecas.uff.br\/consultavocabulario\">assunto<\/a>&#8221; que ir\u00e1 constar na ficha catalogr\u00e1fica deve expressar o conte\u00fado do TCC e ser vocabul\u00e1rio controlado do sistema Pergamum UFF.<\/h5>\n<h5>Para maiores detalhes consulte a <strong><a href=\"\/wp-content\/uploads\/sites\/320\/2025\/05\/Resolucao_EGG_GGG_TCC_2025.pdf\">RESOLU\u00c7\u00c3O EGG\/UFF N\u00ba 06\/2025<\/a><\/strong>.<\/h5>\n<h5><a href=\"\/wp-content\/uploads\/sites\/320\/2018\/08\/Mascara-formata\u00e7\u00e3o-TCC.doc\">M\u00e1scara para preencher partes pr\u00e9-textuais do TCC<\/a><\/h5>\n<h5><a href=\"\/wp-content\/uploads\/sites\/320\/2018\/08\/ABNTTrabalhosAcademicos2-UFF.pdf\">Formata\u00e7\u00e3o de TCC &#8211; regras b\u00e1sicas<\/a><\/h5>\n<h5><a href=\"\/wp-content\/uploads\/sites\/320\/2018\/08\/Orientacoes-ficha-catalografica.pdf\">Orienta\u00e7\u00f5es para elaborar ficha catalogr\u00e1fica<\/a><\/h5>\n<h5><a href=\"http:\/\/bibliotecas.uff.br\/consultavocabulario\">Orienta\u00e7\u00e3o sobre consulta de vocabul\u00e1rio para ficha catalogr\u00e1fica<\/a><\/h5>\n<h5><a href=\"http:\/\/bibliotecas.uff.br\/big\/fichacatalografica\">Link para confec\u00e7\u00e3o da ficha catalogr\u00e1fica<\/a><\/h5>\n<h5><a href=\"http:\/\/www.eduff.uff.br\/images\/e-books\/Apresentacao_Trabalhos_Monograficos_de_Conclusao_%20de_Curso_Ed_10.pdf\">Link com orienta\u00e7\u00f5es para elabora\u00e7\u00e3o de trabalhos monogr\u00e1ficos<\/a><\/h5>\n<h5><strong><a href=\"\/wp-content\/uploads\/sites\/320\/2019\/10\/Formulario_Parecer_TCC.docx\">Formul\u00e1rio de Parecer sobre TCC<\/a><\/strong><\/h5>\n<h5><strong><a href=\"\/wp-content\/uploads\/sites\/320\/2024\/05\/Modelo_Ata_defesa_TCC.docx\">Ata de Avalia\u00e7\u00e3o de TCC<\/a><\/strong><\/h5>\n","protected":false},"excerpt":{"rendered":"<p>Trabalho de Conclus\u00e3o de Curso (TCC) \u00e9 a disciplina do Curso de Bacharelado em Geografia, onde ser\u00e1 desenvolvida uma monografia pelo aluno sob a orienta\u00e7\u00e3o de um professor do quadro permanente da UFF, na ativa ou aposentado, relacionado \u00e0 Geografia e a \u00e1reas afins. Ser\u00e1 aceito como equivalente ao TCC um artigo de autoria individual [&hellip;]<\/p>\n","protected":false},"author":1209,"featured_media":0,"parent":135,"menu_order":0,"comment_status":"closed","ping_status":"closed","template":"","meta":{"_exactmetrics_skip_tracking":false,"_exactmetrics_sitenote_active":false,"_exactmetrics_sitenote_note":"","_exactmetrics_sitenote_category":0,"footnotes":""},"categories":[14],"tags":[],"class_list":["post-151","page","type-page","status-publish","hentry","category-discentes"],"_links":{"self":[{"href":"https:\/\/geografia.sites.uff.br\/index.php\/wp-json\/wp\/v2\/pages\/151","targetHints":{"allow":["GET"]}}],"collection":[{"href":"https:\/\/geografia.sites.uff.br\/index.php\/wp-json\/wp\/v2\/pages"}],"about":[{"href":"https:\/\/geografia.sites.uff.br\/index.php\/wp-json\/wp\/v2\/types\/page"}],"author":[{"embeddable":true,"href":"https:\/\/geografia.sites.uff.br\/index.php\/wp-json\/wp\/v2\/users\/1209"}],"replies":[{"embeddable":true,"href":"https:\/\/geografia.sites.uff.br\/index.php\/wp-json\/wp\/v2\/comments?post=151"}],"version-history":[{"count":56,"href":"https:\/\/geografia.sites.uff.br\/index.php\/wp-json\/wp\/v2\/pages\/151\/revisions"}],"predecessor-version":[{"id":1517,"href":"https:\/\/geografia.sites.uff.br\/index.php\/wp-json\/wp\/v2\/pages\/151\/revisions\/1517"}],"up":[{"embeddable":true,"href":"https:\/\/geografia.sites.uff.br\/index.php\/wp-json\/wp\/v2\/pages\/135"}],"wp:attachment":[{"href":"https:\/\/geografia.sites.uff.br\/index.php\/wp-json\/wp\/v2\/media?parent=151"}],"wp:term":[{"taxonomy":"category","embeddable":true,"href":"https:\/\/geografia.sites.uff.br\/index.php\/wp-json\/wp\/v2\/categories?post=151"},{"taxonomy":"post_tag","embeddable":true,"href":"https:\/\/geografia.sites.uff.br\/index.php\/wp-json\/wp\/v2\/tags?post=151"}],"curies":[{"name":"wp","href":"https:\/\/api.w.org\/{rel}","templated":true}]}}