{"id":147,"date":"2018-03-07T14:45:10","date_gmt":"2018-03-07T17:45:10","guid":{"rendered":"http:\/\/geografia.sites.uff.br\/?page_id=147"},"modified":"2025-06-26T12:02:17","modified_gmt":"2025-06-26T15:02:17","slug":"atividades","status":"publish","type":"page","link":"https:\/\/geografia.sites.uff.br\/index.php\/discentes\/atividades\/","title":{"rendered":"Ativid. Complementares"},"content":{"rendered":"<h5 style=\"text-align: left\">As Atividades Complementares (ACs) visam ampliar e enriquecer o processo de ensino e aprendizagem e a forma\u00e7\u00e3o acad\u00eamica dos graduandos. As ACs poder\u00e3o ser desenvolvidas na pr\u00f3pria universidade ou em institui\u00e7\u00f5es p\u00fablicas e privadas, desde que atendam \u00e0 <a href=\"\/wp-content\/uploads\/sites\/320\/2018\/08\/Resolu\u00e7\u00e3o_AC_Geografia.pdf\">Resolu\u00e7\u00e3o GGG no 01\/2014<\/a>.<\/h5>\n<h5 style=\"text-align: left\"><\/h5>\n<h5 style=\"text-align: left\">As Atividades Complementares (ACs) abrangem as disciplinas&nbsp;<u>Trabalho Orientado<\/u>&nbsp;(I, II e III) e Atividades Livres, devendo o aluno cumprir, no m\u00ednimo,&nbsp;<u>200 (duzentas) horas<\/u>.<\/h5>\n<h5 style=\"text-align: left\"><\/h5>\n<h5 style=\"text-align: left\"><u>O aluno dever\u00e1 realizar atividades listadas em pelo menos&nbsp;<\/u><u>2 grupos<\/u><u> (Ensino, Pesquisa, Extens\u00e3o e Gest\u00e3o\/Outros)<\/u>&nbsp;para somar as 200 horas.<\/h5>\n<h5 style=\"text-align: left\"><\/h5>\n<h5 style=\"text-align: left\">Na Resolu\u00e7\u00e3o encontra-se uma&nbsp;<a href=\"\/wp-content\/uploads\/sites\/320\/2018\/08\/Tabela_AC_Geografia_UFF.pdf\"><b>tabela<\/b>&nbsp;com mais de 20 tipos de atividades<\/a>, descritas com seus respectivos valores de carga hor\u00e1ria. Verifique atentamente todas as op\u00e7\u00f5es de atividades que podem ser feitas ao longo do curso de gradua\u00e7\u00e3o. Procure realizar um determinado n\u00famero de atividades por semestre, prestando aten\u00e7\u00e3o ao limite de carga hor\u00e1ria por atividade.<\/h5>\n<h5 style=\"text-align: left\"><\/h5>\n<h5 style=\"text-align: left\">O estudante <em><strong>concluinte<\/strong> (no seu \u00faltimo per\u00edodo de gradua\u00e7\u00e3o) <\/em>dever\u00e1 ter completado as <strong>200 horas<\/strong> e entregar&nbsp;<span style=\"color: #ff0000\">(via email espec\u00edfico: <strong>concluinte.geografia.uff@gmail.com<\/strong>) <\/span>\u00e0 Coordena\u00e7\u00e3o de Geografia <a href=\"\/wp-content\/uploads\/sites\/320\/2021\/01\/requerimento_AC_Geografia_UFF_.doc\"><u><b>1 via do requerimento preenchido<\/b><\/u><\/a> e <u>os documentos comprobat\u00f3rios das atividades <\/u>digitalizados com boa qualidade (os documentos podem ser agrupados em arquivo zip ou rar).<\/h5>\n<h5 style=\"text-align: left\"><\/h5>\n<h5 style=\"text-align: left\">O <a href=\"\/wp-content\/uploads\/sites\/320\/2021\/01\/requerimento_AC_Geografia_UFF_.doc\">requerimento<\/a> est\u00e1&nbsp;em formato Word&nbsp;possibilitando acrescentar mais linhas \u00e0 tabela para registrar as atividades e a carga hor\u00e1ria pertinente.<\/h5>\n<h5 style=\"text-align: left\"><\/h5>\n<h5 style=\"text-align: left\">Se participar como ouvinte de palestras, defesas de trabalhos acad\u00eamicos (de gradua\u00e7\u00e3o, mestrado e doutorado) com conte\u00fado de Geografia e \u00e1reas afins, pode usar o \u201c<a href=\"\/wp-content\/uploads\/sites\/320\/2018\/08\/formulario_atividade_EXTRACURRICULAR.doc\"><b>Formul\u00e1rio de Atividade EXTRACURRICULAR<\/b><\/a>\u201d, preenchendo-o com o m\u00e1ximo de informa\u00e7\u00f5es e solicitando a assinatura do professor respons\u00e1vel (ou orientador de defesa de trabalho acad\u00eamico).<\/h5>\n<table id=\"attachments\" style=\"height: 158px\" width=\"628\">\n<thead>\n<tr>\n<th style=\"text-align: left\">Links<\/th>\n<th><\/th>\n<\/tr>\n<\/thead>\n<tbody>\n<tr class=\"odd\">\n<td><a href=\"http:\/\/www.prograd.uff.br\/geografia\/files\/Resolucao_Atividades_Complementares_Geografia.pdf\"><br \/>\n<\/a><a href=\"\/wp-content\/uploads\/sites\/320\/2018\/08\/Resolu\u00e7\u00e3o_AC_Geografia.pdf\">Resolu\u00e7\u00e3o GGG no 01\/2014 sobre Atividades Complementares da Geografia<\/a><\/td>\n<td><\/td>\n<\/tr>\n<tr class=\"even\">\n<td><a href=\"\/wp-content\/uploads\/sites\/320\/2021\/01\/requerimento_AC_Geografia_UFF_.doc\">Requerimento para cadastrar as Atividades Complementares da Geografia<\/a><\/td>\n<td><\/td>\n<\/tr>\n<tr class=\"odd\">\n<td><a href=\"\/wp-content\/uploads\/sites\/320\/2018\/08\/Tabela_AC_Geografia_UFF.pdf\">Tabela de Atividades Complementares<\/a><\/p>\n<p><a href=\"\/wp-content\/uploads\/sites\/320\/2018\/08\/formulario_atividade_EXTRACURRICULAR.doc\">Formul\u00e1rio de Atividade EXTRACURRICULAR<\/a><\/td>\n<td><\/td>\n<\/tr>\n<tr class=\"even\">\n<td><\/td>\n<td><\/td>\n<\/tr>\n<\/tbody>\n<\/table>\n","protected":false},"excerpt":{"rendered":"<p>As Atividades Complementares (ACs) visam ampliar e enriquecer o processo de ensino e aprendizagem e a forma\u00e7\u00e3o acad\u00eamica dos graduandos. As ACs poder\u00e3o ser desenvolvidas na pr\u00f3pria universidade ou em institui\u00e7\u00f5es p\u00fablicas e privadas, desde que atendam \u00e0 Resolu\u00e7\u00e3o GGG no 01\/2014. As Atividades Complementares (ACs) abrangem as disciplinas&nbsp;Trabalho Orientado&nbsp;(I, II e III) e Atividades [&hellip;]<\/p>\n","protected":false},"author":1209,"featured_media":0,"parent":135,"menu_order":2,"comment_status":"closed","ping_status":"closed","template":"","meta":{"_exactmetrics_skip_tracking":false,"_exactmetrics_sitenote_active":false,"_exactmetrics_sitenote_note":"","_exactmetrics_sitenote_category":0,"footnotes":""},"categories":[14],"tags":[],"class_list":["post-147","page","type-page","status-publish","hentry","category-discentes"],"_links":{"self":[{"href":"https:\/\/geografia.sites.uff.br\/index.php\/wp-json\/wp\/v2\/pages\/147","targetHints":{"allow":["GET"]}}],"collection":[{"href":"https:\/\/geografia.sites.uff.br\/index.php\/wp-json\/wp\/v2\/pages"}],"about":[{"href":"https:\/\/geografia.sites.uff.br\/index.php\/wp-json\/wp\/v2\/types\/page"}],"author":[{"embeddable":true,"href":"https:\/\/geografia.sites.uff.br\/index.php\/wp-json\/wp\/v2\/users\/1209"}],"replies":[{"embeddable":true,"href":"https:\/\/geografia.sites.uff.br\/index.php\/wp-json\/wp\/v2\/comments?post=147"}],"version-history":[{"count":22,"href":"https:\/\/geografia.sites.uff.br\/index.php\/wp-json\/wp\/v2\/pages\/147\/revisions"}],"predecessor-version":[{"id":1448,"href":"https:\/\/geografia.sites.uff.br\/index.php\/wp-json\/wp\/v2\/pages\/147\/revisions\/1448"}],"up":[{"embeddable":true,"href":"https:\/\/geografia.sites.uff.br\/index.php\/wp-json\/wp\/v2\/pages\/135"}],"wp:attachment":[{"href":"https:\/\/geografia.sites.uff.br\/index.php\/wp-json\/wp\/v2\/media?parent=147"}],"wp:term":[{"taxonomy":"category","embeddable":true,"href":"https:\/\/geografia.sites.uff.br\/index.php\/wp-json\/wp\/v2\/categories?post=147"},{"taxonomy":"post_tag","embeddable":true,"href":"https:\/\/geografia.sites.uff.br\/index.php\/wp-json\/wp\/v2\/tags?post=147"}],"curies":[{"name":"wp","href":"https:\/\/api.w.org\/{rel}","templated":true}]}}