{"id":145,"date":"2018-03-07T14:44:17","date_gmt":"2018-03-07T17:44:17","guid":{"rendered":"http:\/\/geografia.sites.uff.br\/?page_id=145"},"modified":"2025-06-27T20:52:09","modified_gmt":"2025-06-27T23:52:09","slug":"trabalho-de-campo","status":"publish","type":"page","link":"https:\/\/geografia.sites.uff.br\/index.php\/discentes\/trabalho-de-campo\/","title":{"rendered":"Trabalho de Campo"},"content":{"rendered":"<p style=\"text-align: left\"><strong>A cada semestre, professores do Curso de Geografia realizam trabalhos de campo com os alunos. Os trabalhos de campo correspondem a atividades pr\u00e1ticas que podem envolver viagens curtas ou longas, visitando lugares com interesse especial para a Geografia, realizando ou n\u00e3o levantamento de dados, amostras etc.<\/strong><\/p>\n<h4 style=\"text-align: left\"><span style=\"color: #000080\"><br \/>\nProcedimentos para Alunos<\/span>:<\/h4>\n<h5 style=\"text-align: left\">Os participantes de trabalhos de campo do curso de Geografia (Bacharelado e Licenciatura) devem seguir <a href=\"\/wp-content\/uploads\/sites\/320\/2018\/08\/Regulamento_trabalho-de-campo.pdf\"><u>normas de comportamento e protocolos de seguran\u00e7a<\/u><\/a>, regidos pelo &#8220;<a href=\"\/wp-content\/uploads\/sites\/320\/2018\/08\/Termo-Compromisso-Trabalho-de-Campo.doc\">Termo de Compromisso e Protocolo de Seguran\u00e7a para Atividades Pr\u00e1ticas em Campo<\/a>&#8221; do Instituto de Geoci\u00eancias\/UFF.<\/h5>\n<h5 style=\"text-align: left\">PARA DEVOLVER AUX\u00cdLIO VIAGEM: gerar Guia de Recolhimento da Uni\u00e3o (<a href=\"http:\/\/consulta.tesouro.fazenda.gov.br\/gru_novosite\/gru_simples.asp\">http:\/\/consulta.tesouro.fazenda.gov.br\/gru_novosite\/gru_simples.asp<\/a> ) e preencher com os dados deste <a href=\"\/wp-content\/uploads\/sites\/320\/2018\/08\/Modelo_GRU_Devolucao_Diaria_Campo.pdf\">modelo de GRU (clique aqui)<\/a>.<\/h5>\n<h5 style=\"text-align: left\"><\/h5>\n<table class=\"node\" style=\"height: 333px\" width=\"670\">\n<tbody>\n<tr>\n<td class=\"node-mc\">\n<table id=\"attachments\" style=\"height: 236px\" width=\"631\">\n<thead>\n<tr>\n<th style=\"text-align: left\">Documentos Importantes<\/th>\n<th><\/th>\n<\/tr>\n<\/thead>\n<tbody>\n<tr class=\"odd\">\n<td><\/td>\n<td><\/td>\n<\/tr>\n<tr class=\"even\">\n<td>\u00a0<a href=\"\/wp-content\/uploads\/sites\/320\/2018\/08\/Modelo_GRU_Devolucao_Diaria_Campo.pdf\">Modelo de Guia de Recebimento da Uni\u00e3o (GRU) para devolu\u00e7\u00e3o de ajuda de custo<\/a><\/td>\n<td><\/td>\n<\/tr>\n<tr class=\"odd\">\n<td>\u00a0<a href=\"http:\/\/consulta.tesouro.fazenda.gov.br\/gru_novosite\/gru_simples.asp\">Link para gerar GRU<\/a><\/td>\n<td><\/td>\n<\/tr>\n<tr class=\"even\">\n<td>\u00a0<a href=\"\/wp-content\/uploads\/sites\/320\/2018\/08\/Regulamento_trabalho-de-campo.pdf\">Regulamento de trabalho de campo<\/a><\/td>\n<td><\/td>\n<\/tr>\n<tr class=\"odd\">\n<td>\u00a0<a href=\"\/wp-content\/uploads\/sites\/320\/2018\/08\/Termo-Compromisso-Trabalho-de-Campo.doc\">Termo de Compromisso para Trabalho de Campo<\/a><\/td>\n<td><\/td>\n<\/tr>\n<tr class=\"even\">\n<td><\/td>\n<td><\/td>\n<\/tr>\n<\/tbody>\n<\/table>\n<\/td>\n<td class=\"node-mr\"><\/td>\n<\/tr>\n<tr>\n<td class=\"node-bl\"><\/td>\n<td class=\"node-bc\"><\/td>\n<td class=\"node-br\"><\/td>\n<\/tr>\n<\/tbody>\n<\/table>\n","protected":false},"excerpt":{"rendered":"<p>A cada semestre, professores do Curso de Geografia realizam trabalhos de campo com os alunos. Os trabalhos de campo correspondem a atividades pr\u00e1ticas que podem envolver viagens curtas ou longas, visitando lugares com interesse especial para a Geografia, realizando ou n\u00e3o levantamento de dados, amostras etc. Procedimentos para Alunos: Os participantes de trabalhos de campo [&hellip;]<\/p>\n","protected":false},"author":1209,"featured_media":0,"parent":135,"menu_order":1,"comment_status":"closed","ping_status":"closed","template":"","meta":{"_exactmetrics_skip_tracking":false,"_exactmetrics_sitenote_active":false,"_exactmetrics_sitenote_note":"","_exactmetrics_sitenote_category":0,"footnotes":""},"categories":[14],"tags":[],"class_list":["post-145","page","type-page","status-publish","hentry","category-discentes"],"_links":{"self":[{"href":"https:\/\/geografia.sites.uff.br\/index.php\/wp-json\/wp\/v2\/pages\/145","targetHints":{"allow":["GET"]}}],"collection":[{"href":"https:\/\/geografia.sites.uff.br\/index.php\/wp-json\/wp\/v2\/pages"}],"about":[{"href":"https:\/\/geografia.sites.uff.br\/index.php\/wp-json\/wp\/v2\/types\/page"}],"author":[{"embeddable":true,"href":"https:\/\/geografia.sites.uff.br\/index.php\/wp-json\/wp\/v2\/users\/1209"}],"replies":[{"embeddable":true,"href":"https:\/\/geografia.sites.uff.br\/index.php\/wp-json\/wp\/v2\/comments?post=145"}],"version-history":[{"count":27,"href":"https:\/\/geografia.sites.uff.br\/index.php\/wp-json\/wp\/v2\/pages\/145\/revisions"}],"predecessor-version":[{"id":1464,"href":"https:\/\/geografia.sites.uff.br\/index.php\/wp-json\/wp\/v2\/pages\/145\/revisions\/1464"}],"up":[{"embeddable":true,"href":"https:\/\/geografia.sites.uff.br\/index.php\/wp-json\/wp\/v2\/pages\/135"}],"wp:attachment":[{"href":"https:\/\/geografia.sites.uff.br\/index.php\/wp-json\/wp\/v2\/media?parent=145"}],"wp:term":[{"taxonomy":"category","embeddable":true,"href":"https:\/\/geografia.sites.uff.br\/index.php\/wp-json\/wp\/v2\/categories?post=145"},{"taxonomy":"post_tag","embeddable":true,"href":"https:\/\/geografia.sites.uff.br\/index.php\/wp-json\/wp\/v2\/tags?post=145"}],"curies":[{"name":"wp","href":"https:\/\/api.w.org\/{rel}","templated":true}]}}