{"id":138,"date":"2018-03-07T14:24:00","date_gmt":"2018-03-07T17:24:00","guid":{"rendered":"http:\/\/geografia.sites.uff.br\/?page_id=138"},"modified":"2018-08-14T21:23:19","modified_gmt":"2018-08-15T00:23:19","slug":"gestao","status":"publish","type":"page","link":"https:\/\/geografia.sites.uff.br\/index.php\/gestao\/","title":{"rendered":"Gest\u00e3o"},"content":{"rendered":"<p><strong>Coordena\u00e7\u00e3o de Geografia &#8211; Licenciatura<\/strong>: Profa. Carla Maciel Salgado<\/p>\n<p><strong>Coordena\u00e7\u00e3o de Geografia &#8211; Bacharelado: <\/strong>Profa. Cristina Pessanha Mary<\/p>\n<table border=\"0\" width=\"785\">\n<tbody>\n<tr bgcolor=\"#D1D2F7\">\n<th colspan=\"8\" scope=\"col\" bgcolor=\"#F9E472\">\n<h4>Painel da Unidade<br \/>\nInstituto de Geoci\u00eancia &#8211; EGG<\/h4>\n<\/th>\n<\/tr>\n<tr>\n<th scope=\"col\" bgcolor=\"#F5F7D6\" width=\"52\">\n<h5>Cursos<\/h5>\n<\/th>\n<th scope=\"col\" bgcolor=\"#F5F7D6\" width=\"101\">\n<h5>Turmas Oferecidas<\/h5>\n<\/th>\n<th scope=\"col\" bgcolor=\"#F5F7D6\" width=\"109\">\n<h5>Vagas para Ingressantes<\/h5>\n<\/th>\n<th scope=\"col\" bgcolor=\"#F5F7D6\" width=\"113\">\n<h5>Alunos Presenciais<\/h5>\n<\/th>\n<th scope=\"col\" bgcolor=\"#F5F7D6\" width=\"81\">\n<h5>Alunos EAD<\/h5>\n<\/th>\n<th scope=\"col\" bgcolor=\"#F5F7D6\" width=\"71\">\n<h5>Total de Alunos<\/h5>\n<\/th>\n<th scope=\"col\" bgcolor=\"#F5F7D6\" width=\"74\">\n<h5>Docentes<\/h5>\n<\/th>\n<th scope=\"col\" bgcolor=\"#F5F7D6\" width=\"118\">\n<h5>Turmas\/Docentes<\/h5>\n<\/th>\n<\/tr>\n<tr>\n<td style=\"text-align: center\" bgcolor=\"#EDF569\">03<\/td>\n<td style=\"text-align: center\" bgcolor=\"#EDF569\">187<\/td>\n<td style=\"text-align: center\" bgcolor=\"#EDF569\">176<\/td>\n<td style=\"text-align: center\" bgcolor=\"#EDF569\">1276<\/td>\n<td style=\"text-align: center\" bgcolor=\"#EDF569\">0<\/td>\n<td style=\"text-align: center\" bgcolor=\"#EDF569\">1276<\/td>\n<td style=\"text-align: center\" bgcolor=\"#EDF569\">71<\/td>\n<td style=\"text-align: center\" bgcolor=\"#EDF569\">2.63<\/td>\n<\/tr>\n<\/tbody>\n<\/table>\n<p>&nbsp;<\/p>\n<p>&nbsp;<\/p>\n","protected":false},"excerpt":{"rendered":"<p>Coordena\u00e7\u00e3o de Geografia &#8211; Licenciatura: Profa. Carla Maciel Salgado Coordena\u00e7\u00e3o de Geografia &#8211; Bacharelado: Profa. Cristina Pessanha Mary Painel da Unidade Instituto de Geoci\u00eancia &#8211; EGG Cursos Turmas Oferecidas Vagas para Ingressantes Alunos Presenciais Alunos EAD Total de Alunos Docentes Turmas\/Docentes 03 187 176 1276 0 1276 71 2.63 &nbsp; &nbsp;<\/p>\n","protected":false},"author":1209,"featured_media":0,"parent":0,"menu_order":0,"comment_status":"closed","ping_status":"closed","template":"","meta":{"_exactmetrics_skip_tracking":false,"_exactmetrics_sitenote_active":false,"_exactmetrics_sitenote_note":"","_exactmetrics_sitenote_category":0,"footnotes":""},"categories":[15],"tags":[],"class_list":["post-138","page","type-page","status-publish","hentry","category-gestao"],"_links":{"self":[{"href":"https:\/\/geografia.sites.uff.br\/index.php\/wp-json\/wp\/v2\/pages\/138","targetHints":{"allow":["GET"]}}],"collection":[{"href":"https:\/\/geografia.sites.uff.br\/index.php\/wp-json\/wp\/v2\/pages"}],"about":[{"href":"https:\/\/geografia.sites.uff.br\/index.php\/wp-json\/wp\/v2\/types\/page"}],"author":[{"embeddable":true,"href":"https:\/\/geografia.sites.uff.br\/index.php\/wp-json\/wp\/v2\/users\/1209"}],"replies":[{"embeddable":true,"href":"https:\/\/geografia.sites.uff.br\/index.php\/wp-json\/wp\/v2\/comments?post=138"}],"version-history":[{"count":9,"href":"https:\/\/geografia.sites.uff.br\/index.php\/wp-json\/wp\/v2\/pages\/138\/revisions"}],"predecessor-version":[{"id":721,"href":"https:\/\/geografia.sites.uff.br\/index.php\/wp-json\/wp\/v2\/pages\/138\/revisions\/721"}],"wp:attachment":[{"href":"https:\/\/geografia.sites.uff.br\/index.php\/wp-json\/wp\/v2\/media?parent=138"}],"wp:term":[{"taxonomy":"category","embeddable":true,"href":"https:\/\/geografia.sites.uff.br\/index.php\/wp-json\/wp\/v2\/categories?post=138"},{"taxonomy":"post_tag","embeddable":true,"href":"https:\/\/geografia.sites.uff.br\/index.php\/wp-json\/wp\/v2\/tags?post=138"}],"curies":[{"name":"wp","href":"https:\/\/api.w.org\/{rel}","templated":true}]}}